{"id":152,"date":"2025-02-05T12:17:53","date_gmt":"2025-02-05T12:17:53","guid":{"rendered":"https:\/\/husl.report\/register\/"},"modified":"2025-08-27T06:50:20","modified_gmt":"2025-08-27T06:50:20","slug":"register","status":"publish","type":"page","link":"https:\/\/husl.report\/?page_id=152","title":{"rendered":"Register"},"content":{"rendered":"\t\t<div data-elementor-type=\"wp-page\" data-elementor-id=\"152\" class=\"elementor elementor-152\" data-elementor-post-type=\"page\">\n\t\t\t\t<div class=\"elementor-element elementor-element-153d472 e-con-full e-flex e-con e-parent\" data-id=\"153d472\" data-element_type=\"container\" data-e-type=\"container\">\n\t\t<div class=\"elementor-element elementor-element-d586416 e-flex e-con-boxed e-con e-child\" data-id=\"d586416\" data-element_type=\"container\" data-e-type=\"container\" data-settings=\"{&quot;background_background&quot;:&quot;gradient&quot;}\">\n\t\t\t\t\t<div class=\"e-con-inner\">\n\t\t<div class=\"elementor-element elementor-element-77598a1 e-con-full e-flex e-con e-child\" data-id=\"77598a1\" data-element_type=\"container\" data-e-type=\"container\" data-settings=\"{&quot;background_background&quot;:&quot;classic&quot;}\">\n\t\t\t\t<div class=\"elementor-element elementor-element-447145c elementor-widget__width-initial elementor-widget elementor-widget-elementskit-heading\" data-id=\"447145c\" data-element_type=\"widget\" data-e-type=\"widget\" data-widget_type=\"elementskit-heading.default\">\n\t\t\t\t<div class=\"elementor-widget-container\">\n\t\t\t\t\t<div class=\"ekit-wid-con\" ><div class=\"ekit-heading elementskit-section-title-wraper text_center   ekit_heading_tablet-   ekit_heading_mobile-\"><h1 class=\"ekit-heading--title elementskit-section-title \">Anmelden<\/h1><\/div><\/div>\t\t\t\t<\/div>\n\t\t\t\t<\/div>\n\t\t\t\t<\/div>\n\t\t\t\t\t<\/div>\n\t\t\t\t<\/div>\n\t\t\t\t<\/div>\n\t\t<div class=\"elementor-element elementor-element-4ea7c72d e-flex e-con-boxed e-con e-parent\" data-id=\"4ea7c72d\" data-element_type=\"container\" data-e-type=\"container\">\n\t\t\t\t\t<div class=\"e-con-inner\">\n\t\t<div class=\"elementor-element elementor-element-462adef e-con-full e-flex e-con e-child\" data-id=\"462adef\" data-element_type=\"container\" data-e-type=\"container\" data-settings=\"{&quot;background_background&quot;:&quot;classic&quot;}\">\n\t\t\t\t<div class=\"elementor-element elementor-element-4dad3947 elementor-widget elementor-widget-shortcode\" data-id=\"4dad3947\" data-element_type=\"widget\" data-e-type=\"widget\" data-widget_type=\"shortcode.default\">\n\t\t\t\t<div class=\"elementor-widget-container\">\n\t\t\t\t\t\t\t<div class=\"elementor-shortcode\">\n<form id=\"pms_register-form\" class=\"pms-form \" method=\"POST\">\n\n    \n    <input type=\"hidden\" id=\"pmstkn\" name=\"pmstkn\" value=\"e6c36b9c1c\" \/><input type=\"hidden\" name=\"_wp_http_referer\" value=\"\/index.php?rest_route=%2Fwp%2Fv2%2Fpages%2F152\" \/>\n    <ul class=\"pms-form-fields-wrapper\">\n\n        \n        \n        <div class=\"pms-account-section-wrapper\">\n            \n                        <li class=\"pms-field pms-user-login-field \">\n                <label for=\"pms_user_login\">Benutzername *<\/label>\n                <input id=\"pms_user_login\" name=\"user_login\" type=\"text\" value=\"\" \/>\n\n                            <\/li>\n\n                        <li class=\"pms-field pms-user-email-field \">\n                <label for=\"pms_user_email\">Email *<\/label>\n                <input id=\"pms_user_email\" name=\"user_email\" type=\"text\" value=\"\" \/>\n\n                            <\/li>\n\n                        <li class=\"pms-field pms-first-name-field \">\n                <label for=\"pms_first_name\">Vorname<\/label>\n                <input id=\"pms_first_name\" name=\"first_name\" type=\"text\" value=\"\" \/>\n\n                            <\/li>\n\n                        <li class=\"pms-field pms-last-name-field \">\n                <label for=\"pms_last_name\">Nachname<\/label>\n                <input id=\"pms_last_name\" name=\"last_name\" type=\"text\" value=\"\" \/>\n\n                            <\/li>\n\n                        <li class=\"pms-field pms-pass1-field \">\n                <label for=\"pms_pass1\">Passwort *<\/label>\n                <input id=\"pms_pass1\" name=\"pass1\" type=\"password\" \/>\n\n                \n                            <\/li>\n\n                        <li class=\"pms-field pms-pass2-field \">\n                <label for=\"pms_pass2\">Passwort wiederholen *<\/label>\n                <input id=\"pms_pass2\" name=\"pass2\" type=\"password\" \/>\n\n                            <\/li>\n\n                <li style=\"list-style-type: none;\" class=\"pms-field pms-gdpr-field \">\n        <label for=\"pms_user_consent\">\n            <input id=\"pms_user_consent\" name=\"user_consent\" type=\"checkbox\" value=\"1\">\n\n            <span class=\"pms-gdpr-field-text\">\n            Ich erlaube der Website, die Daten, die ich \u00fcber dieses Formular abgebe, zu sammeln und zu speichern. *            <\/span>\n        <\/label>\n            <\/li>\n            <\/div>\n\n        \n        <li class=\"pms-field pms-field-subscriptions \"><div class=\"pms-subscription-plan pms-subscription-plan-3456\"><label><input type=\"radio\" name=\"subscription_plans\" data-price=\"990\" data-duration=\"1\" data-fixed_membership=\"\" data-allow_renew=\"\" data-sign_up_fee=\"0\" data-trial=\"0\" data-recurring=\"2\"  value=\"3456\"  checked='checked'data-default-selected=\"true\" \/><span class=\"pms-subscription-plan-name\">ELITE - Jahresabo<\/span><span class=\"pms-subscription-plan-price\"><span class=\"pms-divider\"> - <\/span><span class=\"pms-subscription-plan-price-value\">990<\/span><span class=\"pms-subscription-plan-currency\">&#8364;<\/span><span class=\"pms-divider pms-duration-divider\"> \/ <\/span><span class=\"pms-subscription-plan-duration\">1 Year<\/span><\/span><span class=\"pms-subscription-plan-trial\"><\/span><span class=\"pms-subscription-plan-sign-up-fee\"><\/span><\/label><div class=\"pms-subscription-plan-description\">Beinhaltet alle Funktionen von PRO, jedoch mit zus\u00e4tzlicher Expertenberatung auf Stundenbasis:\r\n\u2022\tErweiterte Expertenberatung mit individueller Stundenbuchung (222 \u20ac \/ Stunde)\r\n\u2022\tZugriff auf spezielle Finanz-Tools (99 \u20ac pro Monat)\r\n\u2022\tJahresabo mit Verg\u00fcnstigung (990 \u20ac statt 1.188 \u20ac)<\/div><\/div><div class=\"pms-subscription-plan pms-subscription-plan-3455\"><label><input type=\"radio\" name=\"subscription_plans\" data-price=\"99\" data-duration=\"1\" data-fixed_membership=\"\" data-allow_renew=\"\" data-sign_up_fee=\"0\" data-trial=\"0\" data-recurring=\"2\"  value=\"3455\" data-default-checked=\"false\" \/><span class=\"pms-subscription-plan-name\">ELITE - Monatsabo<\/span><span class=\"pms-subscription-plan-price\"><span class=\"pms-divider\"> - <\/span><span class=\"pms-subscription-plan-price-value\">99<\/span><span class=\"pms-subscription-plan-currency\">&#8364;<\/span><span class=\"pms-divider pms-duration-divider\"> \/ <\/span><span class=\"pms-subscription-plan-duration\">1 Month<\/span><\/span><span class=\"pms-subscription-plan-trial\"><\/span><span class=\"pms-subscription-plan-sign-up-fee\"><\/span><\/label><div class=\"pms-subscription-plan-description\">Beinhaltet alle Funktionen von PRO, jedoch mit zus\u00e4tzlicher Expertenberatung auf Stundenbasis:\r\n\u2022\tErweiterte Expertenberatung mit individueller Stundenbuchung (222 \u20ac \/ Stunde)\r\n\u2022\tZugriff auf spezielle Finanz-Tools (99 \u20ac pro Monat)\r\n\u2022\tJahresabo mit Verg\u00fcnstigung (990 \u20ac statt 1.188 \u20ac)<\/div><\/div><div class=\"pms-subscription-plan pms-subscription-plan-3454\"><label><input type=\"radio\" name=\"subscription_plans\" data-price=\"490\" data-duration=\"1\" data-fixed_membership=\"\" data-allow_renew=\"\" data-sign_up_fee=\"0\" data-trial=\"0\" data-recurring=\"2\"  value=\"3454\" data-default-checked=\"false\" \/><span class=\"pms-subscription-plan-name\">SELECT - Jahresabo<\/span><span class=\"pms-subscription-plan-price\"><span class=\"pms-divider\"> - <\/span><span class=\"pms-subscription-plan-price-value\">490<\/span><span class=\"pms-subscription-plan-currency\">&#8364;<\/span><span class=\"pms-divider pms-duration-divider\"> \/ <\/span><span class=\"pms-subscription-plan-duration\">1 Year<\/span><\/span><span class=\"pms-subscription-plan-trial\"><\/span><span class=\"pms-subscription-plan-sign-up-fee\"><\/span><\/label><div class=\"pms-subscription-plan-description\">Beinhaltet alle Funktionen von PRO plus zus\u00e4tzliche exklusive Leistungen:\r\n\u2022\tIndividuelle Expertenbetreuung mit ma\u00dfgeschneiderten Finanzstrategien\t\r\n\u2022\tZugang zu exklusiven Premium-Finanzservices\r\n\u2022\tPers\u00f6nlicher Ansprechpartner mit priorisierter Beratung\r\n\u2022\tErweiterte Analyse und Optimierung bestehender Investmentportfolios\r\n\u2022\tZugang zu Spezial-Workshops und exklusiven Veranstaltungen\r\n\u2022\tKeine festen Stundenbuchungen, sondern flexible Betreuung nach Bedarf<\/div><\/div><div class=\"pms-subscription-plan pms-subscription-plan-3453\"><label><input type=\"radio\" name=\"subscription_plans\" data-price=\"49\" data-duration=\"1\" data-fixed_membership=\"\" data-allow_renew=\"\" data-sign_up_fee=\"0\" data-trial=\"0\" data-recurring=\"2\"  value=\"3453\" data-default-checked=\"false\" \/><span class=\"pms-subscription-plan-name\">SELECT - Monatsabo<\/span><span class=\"pms-subscription-plan-price\"><span class=\"pms-divider\"> - <\/span><span class=\"pms-subscription-plan-price-value\">49<\/span><span class=\"pms-subscription-plan-currency\">&#8364;<\/span><span class=\"pms-divider pms-duration-divider\"> \/ <\/span><span class=\"pms-subscription-plan-duration\">1 Month<\/span><\/span><span class=\"pms-subscription-plan-trial\"><\/span><span class=\"pms-subscription-plan-sign-up-fee\"><\/span><\/label><div class=\"pms-subscription-plan-description\">Beinhaltet alle Funktionen von PRO plus zus\u00e4tzliche exklusive Leistungen:\r\n\u2022\tIndividuelle Expertenbetreuung mit ma\u00dfgeschneiderten Finanzstrategien\t\r\n\u2022\tZugang zu exklusiven Premium-Finanzservices\r\n\u2022\tPers\u00f6nlicher Ansprechpartner mit priorisierter Beratung\r\n\u2022\tErweiterte Analyse und Optimierung bestehender Investmentportfolios\r\n\u2022\tZugang zu Spezial-Workshops und exklusiven Veranstaltungen\r\n\u2022\tKeine festen Stundenbuchungen, sondern flexible Betreuung nach Bedarf<\/div><\/div><div class=\"pms-subscription-plan pms-subscription-plan-3452\"><label><input type=\"radio\" name=\"subscription_plans\" data-price=\"199\" data-duration=\"1\" data-fixed_membership=\"\" data-allow_renew=\"\" data-sign_up_fee=\"0\" data-trial=\"0\" data-recurring=\"2\"  value=\"3452\" data-default-checked=\"false\" \/><span class=\"pms-subscription-plan-name\">PRO - Jahresabo<\/span><span class=\"pms-subscription-plan-price\"><span class=\"pms-divider\"> - <\/span><span class=\"pms-subscription-plan-price-value\">199<\/span><span class=\"pms-subscription-plan-currency\">&#8364;<\/span><span class=\"pms-divider pms-duration-divider\"> \/ <\/span><span class=\"pms-subscription-plan-duration\">1 Year<\/span><\/span><span class=\"pms-subscription-plan-trial\"><\/span><span class=\"pms-subscription-plan-sign-up-fee\"><\/span><\/label><div class=\"pms-subscription-plan-description\">\u2022\tMonatliche Investment-Report-Ausgabe (digitales Magazin)\r\n\u2022\tMonatliche Marktanalyse-Webinare mit Expertenrunden\r\n\u2022\tEinsicht ins hauseigene Crypto- und Aktien-Portfolio\r\n\u2022\tKauf- und Verkaufsaktionen werden sofort geteilt\r\n\t\r\n\u2022\tDetaillierte Guides zu Aktien, ETFs, Kryptow\u00e4hrungen\r\n\t\u2022\tTools und Checklisten f\u00fcr Selbstoptimierer\r\n\u2022\tFeedback zu eigenen Investitionspl\u00e4nen (1x im Quartal abrufbar)\r\n\u2022\tZugang zur exklusiven Telegram-Gruppe\r\n\u2022\tMonatlich k\u00fcndbar oder als Jahresabo (mit Ersparnis von 2 Monaten)<\/div><\/div><div class=\"pms-subscription-plan pms-subscription-plan-3451\"><label><input type=\"radio\" name=\"subscription_plans\" data-price=\"19.99\" data-duration=\"1\" data-fixed_membership=\"\" data-allow_renew=\"\" data-sign_up_fee=\"0\" data-trial=\"0\" data-recurring=\"2\"  value=\"3451\" data-default-checked=\"false\" \/><span class=\"pms-subscription-plan-name\">PRO - Monatsabo<\/span><span class=\"pms-subscription-plan-price\"><span class=\"pms-divider\"> - <\/span><span class=\"pms-subscription-plan-price-value\">19,99<\/span><span class=\"pms-subscription-plan-currency\">&#8364;<\/span><span class=\"pms-divider pms-duration-divider\"> \/ <\/span><span class=\"pms-subscription-plan-duration\">1 Month<\/span><\/span><span class=\"pms-subscription-plan-trial\"><\/span><span class=\"pms-subscription-plan-sign-up-fee\"><\/span><\/label><div class=\"pms-subscription-plan-description\">\u2022\tMonatliche Investment-Report-Ausgabe (digitales Magazin)\r\n\u2022\tMonatliche Marktanalyse-Webinare mit Expertenrunden\r\n\u2022\tEinsicht ins hauseigene Crypto- und Aktien-Portfolio\r\n\u2022\tKauf- und Verkaufsaktionen werden sofort geteilt\r\n\t\r\n\u2022\tDetaillierte Guides zu Aktien, ETFs, Kryptow\u00e4hrungen\r\n\t\u2022\tTools und Checklisten f\u00fcr Selbstoptimierer\r\n\u2022\tFeedback zu eigenen Investitionspl\u00e4nen (1x im Quartal abrufbar)\r\n\u2022\tZugang zur exklusiven Telegram-Gruppe\r\n\u2022\tMonatlich k\u00fcndbar oder als Jahresabo (mit Ersparnis von 2 Monaten)<\/div><\/div><div class=\"pms-subscription-plan pms-subscription-plan-3450\"><label><input type=\"radio\" name=\"subscription_plans\" data-price=\"79\" data-duration=\"1\" data-fixed_membership=\"\" data-allow_renew=\"\" data-sign_up_fee=\"0\" data-trial=\"0\" data-recurring=\"2\"  value=\"3450\" data-default-checked=\"false\" \/><span class=\"pms-subscription-plan-name\">START - Jahresabo<\/span><span class=\"pms-subscription-plan-price\"><span class=\"pms-divider\"> - <\/span><span class=\"pms-subscription-plan-price-value\">79<\/span><span class=\"pms-subscription-plan-currency\">&#8364;<\/span><span class=\"pms-divider pms-duration-divider\"> \/ <\/span><span class=\"pms-subscription-plan-duration\">1 Year<\/span><\/span><span class=\"pms-subscription-plan-trial\"><\/span><span class=\"pms-subscription-plan-sign-up-fee\"><\/span><\/label><div class=\"pms-subscription-plan-description\">Guides mit Fokus auf Basics des Verm\u00f6gensaufbaus G\u00fcnstige Sparpl\u00e4ne und Finanz-Apps im Vergleich\r\nTutorials \u201eWie starte ich mit wenig Geld?\"\r\nRabatte auf DFK-Workshops\r\nCommunity-Zugang f\u00fcr junge Investoren\r\nMonatlich k\u00fcndbar oder Jahresabo (2 Monate)<\/div><\/div><div class=\"pms-subscription-plan pms-subscription-plan-3449\"><label><input type=\"radio\" name=\"subscription_plans\" data-price=\"7.99\" data-duration=\"1\" data-fixed_membership=\"\" data-allow_renew=\"\" data-sign_up_fee=\"0\" data-trial=\"0\" data-recurring=\"2\"  value=\"3449\" data-default-checked=\"false\" \/><span class=\"pms-subscription-plan-name\">START - Monatsabo<\/span><span class=\"pms-subscription-plan-price\"><span class=\"pms-divider\"> - <\/span><span class=\"pms-subscription-plan-price-value\">7,99<\/span><span class=\"pms-subscription-plan-currency\">&#8364;<\/span><span class=\"pms-divider pms-duration-divider\"> \/ <\/span><span class=\"pms-subscription-plan-duration\">1 Month<\/span><\/span><span class=\"pms-subscription-plan-trial\"><\/span><span class=\"pms-subscription-plan-sign-up-fee\"><\/span><\/label><div class=\"pms-subscription-plan-description\">Guides mit Fokus auf Basics des Verm\u00f6gensaufbaus G\u00fcnstige Sparpl\u00e4ne und Finanz-Apps im Vergleich\r\nTutorials \u201eWie starte ich mit wenig Geld?\"\r\nRabatte auf DFK-Workshops\r\nCommunity-Zugang f\u00fcr junge Investoren\r\nMonatlich k\u00fcndbar oder Jahresabo (2 Monate<\/div><\/div><input type=\"hidden\" name=\"pms_default_recurring\" value=\"2\" \/><\/li><ul  class=\"pms-field-section \"><li class=\"cozmoslabs-form-field-wrapper pms-field pms-field-type-text  beehive\"><label for=\"beehive\" class=\"cozmoslabs-form-field-label\">Custom Field<\/label><input type=\"text\" id=\"beehive\" name=\"beehive\" value=\"\" \/><\/li><\/ul>\n    <\/ul>\n\n    <span id=\"pms-submit-button-loading-placeholder-text\" style=\"display: none;\">In Bearbeitung. Bitte kurz warten...<\/span><div class=\"pms-paygates-holder\"><div id=\"pms-paygates-wrapper\"><h3>Zahlungsmethode ausw\u00e4hlen<\/h3><div id=\"pms-paygates-inner\"><label><input type=\"radio\" class=\"pms_pay_gate\" name=\"pay_gate\" value=\"paypal_connect\"  checked='checked'data-sign_up_fee=\"1\" data-trial=\"1\" data-recurring=\"1\"  data-type=\"extra_fields\" \/><span class=\"pms-paygate-name\">PayPal<\/span><\/label><label><input type=\"radio\" class=\"pms_pay_gate\" name=\"pay_gate\" value=\"stripe_connect\" data-sign_up_fee=\"1\" data-trial=\"1\" data-recurring=\"1\"  data-type=\"extra_fields\" \/><span class=\"pms-paygate-name\">Kredit-\/Debitkarte<\/span><\/label><\/div><div id=\"pms-gateways-not-available\"><span>F\u00fcr das ausgew\u00e4hlte Abo sind keine Zahlungsmethoden verf\u00fcgbar.<\/span><\/div><\/div><ul  class=\"pms-field-section \"><li class=\"cozmoslabs-form-field-wrapper pms-field pms-field-type-text  beehive\"><label for=\"beehive\" class=\"cozmoslabs-form-field-label\">Custom Field<\/label><input type=\"text\" id=\"beehive\" name=\"beehive\" value=\"\" \/><\/li><\/ul><ul id=\"pms-stripe-connect\" class=\"pms-field-section pms-paygate-extra-fields pms-paygate-extra-fields-stripe_connect\"><li class=\"pms-field pms-field-type-heading \"><h3>Payment Details<\/h3><\/li><div class=\"pms-spinner__holder\"><div class=\"pms-spinner\"><\/div><\/div><div id=\"pms-stripe-payment-elements\" style=\"display:none\"><\/div><\/ul><ul id=\"pms-paypal-connect\" class=\"pms-field-section pms-paygate-extra-fields pms-paygate-extra-fields-paypal_connect\"><div class=\"pms-spinner__holder\"><div class=\"pms-spinner\"><\/div><\/div><div id=\"pms-paygate-extra-fields-paypal_connect__placeholder\"><\/div><\/ul><\/div><input type=\"hidden\" id=\"pms-process-checkout-nonce\" name=\"pms_process_checkout_nonce\" value=\"fc8ac7a519\"\/><input type=\"hidden\" id=\"stripe-pk\" value=\"pk_live_51R6nnLKkTX0e8yXqoIw1LcyfRHMcQ7KiX7J0QwtDST8YlECzs8qZf8h8CYScWmAfnb3XlpqRnrqZ7s7FXVWsVSrH00HP83NNYq\" \/><input type=\"hidden\" name=\"pms_stripe_connect_payment_intent\" value=\"\"\/><input type=\"hidden\" name=\"pms_stripe_connect_setup_intent\" value=\"\"\/><input type=\"hidden\" id=\"pms-stripe-ajax-update-payment-intent-nonce\" name=\"stripe_ajax_update_payment_intent_nonce\" value=\"aa5adc7ba9\"\/><ul  class=\"pms-field-section \"><li class=\"cozmoslabs-form-field-wrapper pms-field pms-field-type-text  beehive\"><label for=\"beehive\" class=\"cozmoslabs-form-field-label\">Custom Field<\/label><input type=\"text\" id=\"beehive\" name=\"beehive\" value=\"\" \/><\/li><\/ul>\n            <input class=\"pms-form-submit\" name=\"pms_register\" type=\"submit\" value=\"Registrieren\" \/>\n    \n<\/form>\n<\/div>\n\t\t\t\t\t\t<\/div>\n\t\t\t\t<\/div>\n\t\t\t\t<\/div>\n\t\t\t\t\t<\/div>\n\t\t\t\t<\/div>\n\t\t\t\t<\/div>\n\t\t","protected":false},"excerpt":{"rendered":"<p>Anmelden<\/p>\n","protected":false},"author":1,"featured_media":0,"parent":0,"menu_order":0,"comment_status":"closed","ping_status":"closed","template":"","meta":{"footnotes":""},"class_list":["post-152","page","type-page","status-publish","hentry"],"_links":{"self":[{"href":"https:\/\/husl.report\/index.php?rest_route=\/wp\/v2\/pages\/152","targetHints":{"allow":["GET"]}}],"collection":[{"href":"https:\/\/husl.report\/index.php?rest_route=\/wp\/v2\/pages"}],"about":[{"href":"https:\/\/husl.report\/index.php?rest_route=\/wp\/v2\/types\/page"}],"author":[{"embeddable":true,"href":"https:\/\/husl.report\/index.php?rest_route=\/wp\/v2\/users\/1"}],"replies":[{"embeddable":true,"href":"https:\/\/husl.report\/index.php?rest_route=%2Fwp%2Fv2%2Fcomments&post=152"}],"version-history":[{"count":102,"href":"https:\/\/husl.report\/index.php?rest_route=\/wp\/v2\/pages\/152\/revisions"}],"predecessor-version":[{"id":3920,"href":"https:\/\/husl.report\/index.php?rest_route=\/wp\/v2\/pages\/152\/revisions\/3920"}],"wp:attachment":[{"href":"https:\/\/husl.report\/index.php?rest_route=%2Fwp%2Fv2%2Fmedia&parent=152"}],"curies":[{"name":"wp","href":"https:\/\/api.w.org\/{rel}","templated":true}]}}