{"id":1971,"date":"2025-07-02T06:37:37","date_gmt":"2025-07-02T06:37:37","guid":{"rendered":"https:\/\/husl.report\/?page_id=1971"},"modified":"2025-08-27T06:01:09","modified_gmt":"2025-08-27T06:01:09","slug":"quartalsberichte","status":"publish","type":"page","link":"https:\/\/husl.report\/?page_id=1971","title":{"rendered":"Quartalsberichte"},"content":{"rendered":"\t\t<div data-elementor-type=\"wp-page\" data-elementor-id=\"1971\" class=\"elementor elementor-1971\" data-elementor-post-type=\"page\">\n\t\t\t\t<div class=\"elementor-element elementor-element-3f34fa92 e-con-full e-flex e-con e-parent\" data-id=\"3f34fa92\" data-element_type=\"container\" data-e-type=\"container\">\n\t\t<div class=\"elementor-element elementor-element-df85a09 e-con-full e-flex e-con e-child\" data-id=\"df85a09\" data-element_type=\"container\" data-e-type=\"container\" data-settings=\"{&quot;background_background&quot;:&quot;gradient&quot;}\">\n\t\t<div class=\"elementor-element elementor-element-fa95035 e-con-full e-flex e-con e-child\" data-id=\"fa95035\" data-element_type=\"container\" data-e-type=\"container\" data-settings=\"{&quot;background_background&quot;:&quot;classic&quot;}\">\n\t\t\t\t<div class=\"elementor-element elementor-element-586932f elementor-widget__width-initial elementor-widget elementor-widget-elementskit-heading\" data-id=\"586932f\" data-element_type=\"widget\" data-e-type=\"widget\" data-widget_type=\"elementskit-heading.default\">\n\t\t\t\t<div class=\"elementor-widget-container\">\n\t\t\t\t\t<div class=\"ekit-wid-con\" ><div class=\"ekit-heading elementskit-section-title-wraper text_center   ekit_heading_tablet-   ekit_heading_mobile-\"><h1 class=\"ekit-heading--title elementskit-section-title \">Quartalsberichte<\/h1><\/div><\/div>\t\t\t\t<\/div>\n\t\t\t\t<\/div>\n\t\t\t\t<\/div>\n\t\t\t\t<\/div>\n\t\t\t\t<\/div>\n\t\t<div class=\"elementor-element elementor-element-4eecc0a e-con-full e-flex e-con e-parent\" data-id=\"4eecc0a\" data-element_type=\"container\" data-e-type=\"container\" data-settings=\"{&quot;background_background&quot;:&quot;classic&quot;}\">\n\t\t<div class=\"elementor-element elementor-element-c5e03cd e-con-full e-flex e-con e-child\" data-id=\"c5e03cd\" data-element_type=\"container\" data-e-type=\"container\" data-settings=\"{&quot;background_background&quot;:&quot;classic&quot;}\">\n\t\t<div class=\"elementor-element elementor-element-69a6c3c e-flex e-con-boxed e-con e-child\" data-id=\"69a6c3c\" data-element_type=\"container\" data-e-type=\"container\">\n\t\t\t\t\t<div class=\"e-con-inner\">\n\t\t<div class=\"elementor-element elementor-element-bcaa442 e-con-full e-flex e-con e-child\" data-id=\"bcaa442\" data-element_type=\"container\" data-e-type=\"container\">\n\t\t\t\t<div class=\"elementor-element elementor-element-0d62e1b elementor-widget elementor-widget-text-editor\" data-id=\"0d62e1b\" data-element_type=\"widget\" data-e-type=\"widget\" data-widget_type=\"text-editor.default\">\n\t\t\t\t<div class=\"elementor-widget-container\">\n\t\t\t\t\t\t\t\t\t<p>Erfahren von Experten aus der Wirtschaft, wie Du Dein Verm\u00f6gen effektiv sch\u00fctzen und gleichzeitig ausbauen kannst, ohne dabei den Genuss des Lebens zu Vernachl\u00e4ssigen. Denn am Ende z\u00e4hlt nicht nur das materielle Verm\u00f6gen, sondern auch ein unterst\u00fctzendes Netzwerk.<\/p>\t\t\t\t\t\t\t\t<\/div>\n\t\t\t\t<\/div>\n\t\t\t\t<\/div>\n\t\t\t\t\t<\/div>\n\t\t\t\t<\/div>\n\t\t\t\t<\/div>\n\t\t\t\t<\/div>\n\t\t<div class=\"elementor-element elementor-element-2be2badb e-flex e-con-boxed e-con e-parent\" data-id=\"2be2badb\" data-element_type=\"container\" data-e-type=\"container\">\n\t\t\t\t\t<div class=\"e-con-inner\">\n\t\t<div class=\"elementor-element elementor-element-f960061 e-con-full e-flex e-con e-child\" data-id=\"f960061\" data-element_type=\"container\" data-e-type=\"container\">\n\t\t\t\t<div class=\"elementor-element elementor-element-54aeb74 elementor-widget elementor-widget-heading\" data-id=\"54aeb74\" data-element_type=\"widget\" data-e-type=\"widget\" data-widget_type=\"heading.default\">\n\t\t\t\t<div class=\"elementor-widget-container\">\n\t\t\t\t\t<h2 class=\"elementor-heading-title elementor-size-default\">Aktuelle Beitr\u00e4ge<\/h2>\t\t\t\t<\/div>\n\t\t\t\t<\/div>\n\t\t\t\t<\/div>\n\t\t<div class=\"elementor-element elementor-element-55ac5c5d e-con-full e-flex e-con e-child\" data-id=\"55ac5c5d\" data-element_type=\"container\" data-e-type=\"container\">\n\t\t\t\t<div class=\"elementor-element elementor-element-4f473e16 elementor-widget elementor-widget-jkit_post_block\" data-id=\"4f473e16\" data-element_type=\"widget\" data-e-type=\"widget\" data-widget_type=\"jkit_post_block.default\">\n\t\t\t\t<div class=\"elementor-widget-container\">\n\t\t\t\t\t<div  class=\"jeg-elementor-kit jkit-postblock postblock-type-3 jkit-pagination-disable post-element jeg_module___69ff348bb6c3f\"  data-id=\"jeg_module___69ff348bb6c3f\" data-settings=\"{&quot;post_type&quot;:&quot;post&quot;,&quot;number_post&quot;:{&quot;unit&quot;:&quot;px&quot;,&quot;size&quot;:30,&quot;sizes&quot;:[]},&quot;post_offset&quot;:0,&quot;unique_content&quot;:&quot;disable&quot;,&quot;include_post&quot;:&quot;&quot;,&quot;exclude_post&quot;:&quot;&quot;,&quot;include_category&quot;:&quot;47&quot;,&quot;exclude_category&quot;:&quot;&quot;,&quot;include_author&quot;:&quot;&quot;,&quot;include_tag&quot;:&quot;&quot;,&quot;exclude_tag&quot;:&quot;&quot;,&quot;download_category&quot;:&quot;&quot;,&quot;download_tag&quot;:&quot;&quot;,&quot;sort_by&quot;:&quot;latest&quot;,&quot;pagination_mode&quot;:&quot;disable&quot;,&quot;pagination_loadmore_text&quot;:&quot;Load More&quot;,&quot;pagination_loading_text&quot;:&quot;Loading...&quot;,&quot;pagination_number_post&quot;:{&quot;unit&quot;:&quot;px&quot;,&quot;size&quot;:3,&quot;sizes&quot;:[]},&quot;pagination_scroll_limit&quot;:0,&quot;pagination_icon&quot;:{&quot;value&quot;:&quot;&quot;,&quot;library&quot;:&quot;&quot;},&quot;pagination_icon_position&quot;:&quot;before&quot;,&quot;st_category_position&quot;:&quot;left&quot;,&quot;sg_content_postblock_type&quot;:&quot;type-3&quot;,&quot;sg_content_element_order&quot;:&quot;title,excerpt,meta&quot;,&quot;sg_content_breakpoint&quot;:&quot;tablet&quot;,&quot;sg_content_title_html_tag&quot;:&quot;h3&quot;,&quot;sg_content_category_enable&quot;:&quot;yes&quot;,&quot;sg_content_excerpt_enable&quot;:&quot;&quot;,&quot;sg_content_excerpt_length&quot;:{&quot;unit&quot;:&quot;px&quot;,&quot;size&quot;:10,&quot;sizes&quot;:[]},&quot;sg_content_excerpt_more&quot;:&quot;...&quot;,&quot;sg_content_readmore_enable&quot;:&quot;&quot;,&quot;sg_content_readmore_icon&quot;:{&quot;value&quot;:&quot;&quot;,&quot;library&quot;:&quot;&quot;},&quot;sg_content_readmore_icon_position&quot;:&quot;after&quot;,&quot;sg_content_readmore_text&quot;:&quot;Read More&quot;,&quot;sg_content_comment_enable&quot;:&quot;&quot;,&quot;sg_content_comment_icon&quot;:{&quot;value&quot;:&quot;fas fa-comment&quot;,&quot;library&quot;:&quot;fa-solid&quot;},&quot;sg_content_comment_icon_position&quot;:&quot;before&quot;,&quot;sg_content_meta_enable&quot;:&quot;yes&quot;,&quot;sg_content_meta_author_enable&quot;:&quot;yes&quot;,&quot;sg_content_meta_author_by_text&quot;:&quot;Husl.Report&quot;,&quot;sg_content_meta_author_icon&quot;:{&quot;value&quot;:&quot;&quot;,&quot;library&quot;:&quot;&quot;},&quot;sg_content_meta_author_icon_position&quot;:&quot;before&quot;,&quot;sg_content_meta_date_enable&quot;:&quot;yes&quot;,&quot;sg_content_meta_date_type&quot;:&quot;published&quot;,&quot;sg_content_meta_date_format&quot;:&quot;default&quot;,&quot;sg_content_meta_date_format_custom&quot;:&quot;F j, Y&quot;,&quot;sg_content_meta_date_icon&quot;:{&quot;value&quot;:&quot;&quot;,&quot;library&quot;:&quot;&quot;},&quot;sg_content_meta_date_icon_position&quot;:&quot;before&quot;,&quot;sg_content_image_size_imagesize_size&quot;:&quot;full&quot;,&quot;paged&quot;:1,&quot;class&quot;:&quot;jkit_post_block&quot;}\"><div class=\"jkit-block-container\"><div class=\"jkit-posts jkit-ajax-flag\">\n            <article class=\"jkit-post post-4097 post type-post status-publish format-standard has-post-thumbnail hentry category-aktien category-analysen category-start\">\n                    <div class=\"jkit-thumb\"><a aria-label=\"1) Executive Summary \u2013 der 30-Sekunden-\u00dcberblick\" href=\"https:\/\/husl.report\/?p=4097\"><div class=\"thumbnail-container \">\n            <img loading=\"lazy\" decoding=\"async\" width=\"2560\" height=\"1700\" src=\"https:\/\/husl.report\/wp-content\/uploads\/2025\/08\/AdobeStock_634830810-scaled.jpeg\" class=\"attachment-full size-full wp-post-image\" alt=\"\" loading=\"lazy\" srcset=\"https:\/\/husl.report\/wp-content\/uploads\/2025\/08\/AdobeStock_634830810-scaled.jpeg 2560w, https:\/\/husl.report\/wp-content\/uploads\/2025\/08\/AdobeStock_634830810-300x199.jpeg 300w, https:\/\/husl.report\/wp-content\/uploads\/2025\/08\/AdobeStock_634830810-1024x680.jpeg 1024w, https:\/\/husl.report\/wp-content\/uploads\/2025\/08\/AdobeStock_634830810-768x510.jpeg 768w, https:\/\/husl.report\/wp-content\/uploads\/2025\/08\/AdobeStock_634830810-1536x1020.jpeg 1536w, https:\/\/husl.report\/wp-content\/uploads\/2025\/08\/AdobeStock_634830810-2048x1360.jpeg 2048w, https:\/\/husl.report\/wp-content\/uploads\/2025\/08\/AdobeStock_634830810-1320x877.jpeg 1320w\" sizes=\"auto, (max-width: 2560px) 100vw, 2560px\" \/>\n        <\/div><\/a><div class=\"jkit-post-category position-left\"><span><a href=\"https:\/\/husl.report\/?cat=47\" class=\"category-aktien\">Aktien<\/a><\/span><\/div><\/div>\n                    <div class=\"jkit-postblock-content\"><h3 class=\"jkit-post-title\">\n\t\t\t\t\t\t\t<a href=\"https:\/\/husl.report\/?p=4097\">1) Executive Summary \u2013 der 30-Sekunden-\u00dcberblick<\/a>\n\t\t\t\t\t\t<\/h3><div class=\"jkit-post-meta\"><div class=\"jkit-meta-author icon-position-before\"><span class=\"by\">Husl.Report<\/span><a href=\"https:\/\/husl.report\/?author=1\">admin<\/a><\/div><div class=\"jkit-meta-date icon-position-before\">Januar 5, 2026<\/div><\/div><\/div>\n                <\/article><article class=\"jkit-post post-4095 post type-post status-publish format-standard has-post-thumbnail hentry category-aktien category-analysen category-crypto category-edelmetalle category-mail-automation category-technologiemetalle category-start\">\n                    <div class=\"jkit-thumb\"><a aria-label=\"2026 \u2013 Der stille Wendepunkt: Politik, Geld und Kontrolle\" href=\"https:\/\/husl.report\/?p=4095\"><div class=\"thumbnail-container \">\n            <img loading=\"lazy\" decoding=\"async\" width=\"1666\" height=\"2499\" src=\"https:\/\/husl.report\/wp-content\/uploads\/2025\/07\/Max_01.jpg\" class=\"attachment-full size-full wp-post-image\" alt=\"\" loading=\"lazy\" srcset=\"https:\/\/husl.report\/wp-content\/uploads\/2025\/07\/Max_01.jpg 1666w, https:\/\/husl.report\/wp-content\/uploads\/2025\/07\/Max_01-200x300.jpg 200w, https:\/\/husl.report\/wp-content\/uploads\/2025\/07\/Max_01-683x1024.jpg 683w, https:\/\/husl.report\/wp-content\/uploads\/2025\/07\/Max_01-768x1152.jpg 768w, https:\/\/husl.report\/wp-content\/uploads\/2025\/07\/Max_01-1024x1536.jpg 1024w, https:\/\/husl.report\/wp-content\/uploads\/2025\/07\/Max_01-1365x2048.jpg 1365w, https:\/\/husl.report\/wp-content\/uploads\/2025\/07\/Max_01-1320x1980.jpg 1320w\" sizes=\"auto, (max-width: 1666px) 100vw, 1666px\" \/>\n        <\/div><\/a><div class=\"jkit-post-category position-left\"><span><a href=\"https:\/\/husl.report\/?cat=47\" class=\"category-aktien\">Aktien<\/a><\/span><\/div><\/div>\n                    <div class=\"jkit-postblock-content\"><h3 class=\"jkit-post-title\">\n\t\t\t\t\t\t\t<a href=\"https:\/\/husl.report\/?p=4095\">2026 \u2013 Der stille Wendepunkt: Politik, Geld und Kontrolle<\/a>\n\t\t\t\t\t\t<\/h3><div class=\"jkit-post-meta\"><div class=\"jkit-meta-author icon-position-before\"><span class=\"by\">Husl.Report<\/span><a href=\"https:\/\/husl.report\/?author=1\">admin<\/a><\/div><div class=\"jkit-meta-date icon-position-before\">Januar 2, 2026<\/div><\/div><\/div>\n                <\/article><article class=\"jkit-post post-4081 post type-post status-publish format-standard has-post-thumbnail hentry category-aktien category-start\">\n                    <div class=\"jkit-thumb\"><a aria-label=\"1. Einstieg \u2013 Ein verr\u00fccktes B\u00f6rsenjahr &#038; extrem \u00e4ngstliche Investoren\" href=\"https:\/\/husl.report\/?p=4081\"><div class=\"thumbnail-container \">\n            <img loading=\"lazy\" decoding=\"async\" width=\"2560\" height=\"1700\" src=\"https:\/\/husl.report\/wp-content\/uploads\/2025\/08\/AdobeStock_634830810-scaled.jpeg\" class=\"attachment-full size-full wp-post-image\" alt=\"\" loading=\"lazy\" srcset=\"https:\/\/husl.report\/wp-content\/uploads\/2025\/08\/AdobeStock_634830810-scaled.jpeg 2560w, https:\/\/husl.report\/wp-content\/uploads\/2025\/08\/AdobeStock_634830810-300x199.jpeg 300w, https:\/\/husl.report\/wp-content\/uploads\/2025\/08\/AdobeStock_634830810-1024x680.jpeg 1024w, https:\/\/husl.report\/wp-content\/uploads\/2025\/08\/AdobeStock_634830810-768x510.jpeg 768w, https:\/\/husl.report\/wp-content\/uploads\/2025\/08\/AdobeStock_634830810-1536x1020.jpeg 1536w, https:\/\/husl.report\/wp-content\/uploads\/2025\/08\/AdobeStock_634830810-2048x1360.jpeg 2048w, https:\/\/husl.report\/wp-content\/uploads\/2025\/08\/AdobeStock_634830810-1320x877.jpeg 1320w\" sizes=\"auto, (max-width: 2560px) 100vw, 2560px\" \/>\n        <\/div><\/a><div class=\"jkit-post-category position-left\"><span><a href=\"https:\/\/husl.report\/?cat=47\" class=\"category-aktien\">Aktien<\/a><\/span><\/div><\/div>\n                    <div class=\"jkit-postblock-content\"><h3 class=\"jkit-post-title\">\n\t\t\t\t\t\t\t<a href=\"https:\/\/husl.report\/?p=4081\">1. Einstieg \u2013 Ein verr\u00fccktes B\u00f6rsenjahr &#038; extrem \u00e4ngstliche Investoren<\/a>\n\t\t\t\t\t\t<\/h3><div class=\"jkit-post-meta\"><div class=\"jkit-meta-author icon-position-before\"><span class=\"by\">Husl.Report<\/span><a href=\"https:\/\/husl.report\/?author=1\">admin<\/a><\/div><div class=\"jkit-meta-date icon-position-before\">November 30, 2025<\/div><\/div><\/div>\n                <\/article><article class=\"jkit-post post-4071 post type-post status-publish format-standard has-post-thumbnail hentry category-aktien category-start\">\n                    <div class=\"jkit-thumb\"><a aria-label=\"Markt-Report: Ausblick 2026 \u2013 Kurz &#038; Einfach\" href=\"https:\/\/husl.report\/?p=4071\"><div class=\"thumbnail-container \">\n            <img loading=\"lazy\" decoding=\"async\" width=\"624\" height=\"412\" src=\"https:\/\/husl.report\/wp-content\/uploads\/2025\/08\/Bildschirmfoto-2025-08-29-um-15.16.11.png\" class=\"attachment-full size-full wp-post-image\" alt=\"\" loading=\"lazy\" srcset=\"https:\/\/husl.report\/wp-content\/uploads\/2025\/08\/Bildschirmfoto-2025-08-29-um-15.16.11.png 624w, https:\/\/husl.report\/wp-content\/uploads\/2025\/08\/Bildschirmfoto-2025-08-29-um-15.16.11-300x198.png 300w\" sizes=\"auto, (max-width: 624px) 100vw, 624px\" \/>\n        <\/div><\/a><div class=\"jkit-post-category position-left\"><span><a href=\"https:\/\/husl.report\/?cat=47\" class=\"category-aktien\">Aktien<\/a><\/span><\/div><\/div>\n                    <div class=\"jkit-postblock-content\"><h3 class=\"jkit-post-title\">\n\t\t\t\t\t\t\t<a href=\"https:\/\/husl.report\/?p=4071\">Markt-Report: Ausblick 2026 \u2013 Kurz &#038; Einfach<\/a>\n\t\t\t\t\t\t<\/h3><div class=\"jkit-post-meta\"><div class=\"jkit-meta-author icon-position-before\"><span class=\"by\">Husl.Report<\/span><a href=\"https:\/\/husl.report\/?author=1\">admin<\/a><\/div><div class=\"jkit-meta-date icon-position-before\">November 2, 2025<\/div><\/div><\/div>\n                <\/article><article class=\"jkit-post post-4061 post type-post status-publish format-standard has-post-thumbnail hentry category-aktien category-crypto category-start\">\n                    <div class=\"jkit-thumb\"><a aria-label=\"\u201eExtreme Gier\u201c bei Gold\u00a0und\u00a0\u201eExtreme Angst\u201c bei Btc\" href=\"https:\/\/husl.report\/?p=4061\"><div class=\"thumbnail-container \">\n            <img loading=\"lazy\" decoding=\"async\" width=\"632\" height=\"416\" src=\"https:\/\/husl.report\/wp-content\/uploads\/2025\/08\/Bildschirmfoto-2025-08-28-um-15.15.36.png\" class=\"attachment-full size-full wp-post-image\" alt=\"\" loading=\"lazy\" srcset=\"https:\/\/husl.report\/wp-content\/uploads\/2025\/08\/Bildschirmfoto-2025-08-28-um-15.15.36.png 632w, https:\/\/husl.report\/wp-content\/uploads\/2025\/08\/Bildschirmfoto-2025-08-28-um-15.15.36-300x197.png 300w\" sizes=\"auto, (max-width: 632px) 100vw, 632px\" \/>\n        <\/div><\/a><div class=\"jkit-post-category position-left\"><span><a href=\"https:\/\/husl.report\/?cat=47\" class=\"category-aktien\">Aktien<\/a><\/span><\/div><\/div>\n                    <div class=\"jkit-postblock-content\"><h3 class=\"jkit-post-title\">\n\t\t\t\t\t\t\t<a href=\"https:\/\/husl.report\/?p=4061\">\u201eExtreme Gier\u201c bei Gold\u00a0und\u00a0\u201eExtreme Angst\u201c bei Btc<\/a>\n\t\t\t\t\t\t<\/h3><div class=\"jkit-post-meta\"><div class=\"jkit-meta-author icon-position-before\"><span class=\"by\">Husl.Report<\/span><a href=\"https:\/\/husl.report\/?author=1\">admin<\/a><\/div><div class=\"jkit-meta-date icon-position-before\">Oktober 18, 2025<\/div><\/div><\/div>\n                <\/article><article class=\"jkit-post post-4053 post type-post status-publish format-standard has-post-thumbnail hentry category-aktien\">\n                    <div class=\"jkit-thumb\"><a aria-label=\"Kurz &amp; schmerzlos: Was hat den Rutsch ausgel\u00f6st?\" href=\"https:\/\/husl.report\/?p=4053\"><div class=\"thumbnail-container \">\n            <img loading=\"lazy\" decoding=\"async\" width=\"2560\" height=\"1700\" src=\"https:\/\/husl.report\/wp-content\/uploads\/2025\/08\/AdobeStock_634830810-scaled.jpeg\" class=\"attachment-full size-full wp-post-image\" alt=\"\" loading=\"lazy\" srcset=\"https:\/\/husl.report\/wp-content\/uploads\/2025\/08\/AdobeStock_634830810-scaled.jpeg 2560w, https:\/\/husl.report\/wp-content\/uploads\/2025\/08\/AdobeStock_634830810-300x199.jpeg 300w, https:\/\/husl.report\/wp-content\/uploads\/2025\/08\/AdobeStock_634830810-1024x680.jpeg 1024w, https:\/\/husl.report\/wp-content\/uploads\/2025\/08\/AdobeStock_634830810-768x510.jpeg 768w, https:\/\/husl.report\/wp-content\/uploads\/2025\/08\/AdobeStock_634830810-1536x1020.jpeg 1536w, https:\/\/husl.report\/wp-content\/uploads\/2025\/08\/AdobeStock_634830810-2048x1360.jpeg 2048w, https:\/\/husl.report\/wp-content\/uploads\/2025\/08\/AdobeStock_634830810-1320x877.jpeg 1320w\" sizes=\"auto, (max-width: 2560px) 100vw, 2560px\" \/>\n        <\/div><\/a><div class=\"jkit-post-category position-left\"><span><a href=\"https:\/\/husl.report\/?cat=47\" class=\"category-aktien\">Aktien<\/a><\/span><\/div><\/div>\n                    <div class=\"jkit-postblock-content\"><h3 class=\"jkit-post-title\">\n\t\t\t\t\t\t\t<a href=\"https:\/\/husl.report\/?p=4053\">Kurz &amp; schmerzlos: Was hat den Rutsch ausgel\u00f6st?<\/a>\n\t\t\t\t\t\t<\/h3><div class=\"jkit-post-meta\"><div class=\"jkit-meta-author icon-position-before\"><span class=\"by\">Husl.Report<\/span><a href=\"https:\/\/husl.report\/?author=1\">admin<\/a><\/div><div class=\"jkit-meta-date icon-position-before\">Oktober 13, 2025<\/div><\/div><\/div>\n                <\/article><article class=\"jkit-post post-4051 post type-post status-publish format-standard has-post-thumbnail hentry category-aktien category-start\">\n                    <div class=\"jkit-thumb\"><a aria-label=\"Shakeout statt Weltuntergang\" href=\"https:\/\/husl.report\/?p=4051\"><div class=\"thumbnail-container \">\n            <img loading=\"lazy\" decoding=\"async\" width=\"1080\" height=\"724\" src=\"https:\/\/husl.report\/wp-content\/uploads\/2025\/08\/Bildschirmfoto-2025-08-10-um-15.38.13.png\" class=\"attachment-full size-full wp-post-image\" alt=\"\" loading=\"lazy\" srcset=\"https:\/\/husl.report\/wp-content\/uploads\/2025\/08\/Bildschirmfoto-2025-08-10-um-15.38.13.png 1080w, https:\/\/husl.report\/wp-content\/uploads\/2025\/08\/Bildschirmfoto-2025-08-10-um-15.38.13-300x201.png 300w, https:\/\/husl.report\/wp-content\/uploads\/2025\/08\/Bildschirmfoto-2025-08-10-um-15.38.13-1024x686.png 1024w, https:\/\/husl.report\/wp-content\/uploads\/2025\/08\/Bildschirmfoto-2025-08-10-um-15.38.13-768x515.png 768w\" sizes=\"auto, (max-width: 1080px) 100vw, 1080px\" \/>\n        <\/div><\/a><div class=\"jkit-post-category position-left\"><span><a href=\"https:\/\/husl.report\/?cat=47\" class=\"category-aktien\">Aktien<\/a><\/span><\/div><\/div>\n                    <div class=\"jkit-postblock-content\"><h3 class=\"jkit-post-title\">\n\t\t\t\t\t\t\t<a href=\"https:\/\/husl.report\/?p=4051\">Shakeout statt Weltuntergang<\/a>\n\t\t\t\t\t\t<\/h3><div class=\"jkit-post-meta\"><div class=\"jkit-meta-author icon-position-before\"><span class=\"by\">Husl.Report<\/span><a href=\"https:\/\/husl.report\/?author=1\">admin<\/a><\/div><div class=\"jkit-meta-date icon-position-before\">Oktober 12, 2025<\/div><\/div><\/div>\n                <\/article><article class=\"jkit-post post-4029 post type-post status-publish format-standard has-post-thumbnail hentry category-aktien category-start\">\n                    <div class=\"jkit-thumb\"><a aria-label=\"Aktien Marktcheck &amp; Portfolio-Playbook\" href=\"https:\/\/husl.report\/?p=4029\"><div class=\"thumbnail-container \">\n            <img loading=\"lazy\" decoding=\"async\" width=\"516\" height=\"398\" src=\"https:\/\/husl.report\/wp-content\/uploads\/2025\/09\/Bildschirmfoto-2025-09-14-um-10.39.41.png\" class=\"attachment-full size-full wp-post-image\" alt=\"\" loading=\"lazy\" srcset=\"https:\/\/husl.report\/wp-content\/uploads\/2025\/09\/Bildschirmfoto-2025-09-14-um-10.39.41.png 516w, https:\/\/husl.report\/wp-content\/uploads\/2025\/09\/Bildschirmfoto-2025-09-14-um-10.39.41-300x231.png 300w\" sizes=\"auto, (max-width: 516px) 100vw, 516px\" \/>\n        <\/div><\/a><div class=\"jkit-post-category position-left\"><span><a href=\"https:\/\/husl.report\/?cat=47\" class=\"category-aktien\">Aktien<\/a><\/span><\/div><\/div>\n                    <div class=\"jkit-postblock-content\"><h3 class=\"jkit-post-title\">\n\t\t\t\t\t\t\t<a href=\"https:\/\/husl.report\/?p=4029\">Aktien Marktcheck &amp; Portfolio-Playbook<\/a>\n\t\t\t\t\t\t<\/h3><div class=\"jkit-post-meta\"><div class=\"jkit-meta-author icon-position-before\"><span class=\"by\">Husl.Report<\/span><a href=\"https:\/\/husl.report\/?author=1\">admin<\/a><\/div><div class=\"jkit-meta-date icon-position-before\">September 14, 2025<\/div><\/div><\/div>\n                <\/article><article class=\"jkit-post post-4011 post type-post status-publish format-standard has-post-thumbnail hentry category-aktien category-start\">\n                    <div class=\"jkit-thumb\"><a aria-label=\"Drei ETFs f\u00fcr die Ewigkeit\" href=\"https:\/\/husl.report\/?p=4011\"><div class=\"thumbnail-container \">\n            <img loading=\"lazy\" decoding=\"async\" width=\"590\" height=\"398\" src=\"https:\/\/husl.report\/wp-content\/uploads\/2025\/09\/Bildschirmfoto-2025-09-10-um-22.59.01.png\" class=\"attachment-full size-full wp-post-image\" alt=\"\" loading=\"lazy\" srcset=\"https:\/\/husl.report\/wp-content\/uploads\/2025\/09\/Bildschirmfoto-2025-09-10-um-22.59.01.png 590w, https:\/\/husl.report\/wp-content\/uploads\/2025\/09\/Bildschirmfoto-2025-09-10-um-22.59.01-300x202.png 300w\" sizes=\"auto, (max-width: 590px) 100vw, 590px\" \/>\n        <\/div><\/a><div class=\"jkit-post-category position-left\"><span><a href=\"https:\/\/husl.report\/?cat=47\" class=\"category-aktien\">Aktien<\/a><\/span><\/div><\/div>\n                    <div class=\"jkit-postblock-content\"><h3 class=\"jkit-post-title\">\n\t\t\t\t\t\t\t<a href=\"https:\/\/husl.report\/?p=4011\">Drei ETFs f\u00fcr die Ewigkeit<\/a>\n\t\t\t\t\t\t<\/h3><div class=\"jkit-post-meta\"><div class=\"jkit-meta-author icon-position-before\"><span class=\"by\">Husl.Report<\/span><a href=\"https:\/\/husl.report\/?author=1\">admin<\/a><\/div><div class=\"jkit-meta-date icon-position-before\">September 10, 2025<\/div><\/div><\/div>\n                <\/article>\n        <\/div><\/div><\/div>\t\t\t\t<\/div>\n\t\t\t\t<\/div>\n\t\t\t\t<\/div>\n\t\t\t\t\t<\/div>\n\t\t\t\t<\/div>\n\t\t\t\t<\/div>\n\t\t","protected":false},"excerpt":{"rendered":"<p>Quartalsberichte Erfahren von Experten aus der Wirtschaft, wie Du Dein Verm\u00f6gen effektiv sch\u00fctzen und gleichzeitig ausbauen kannst, ohne dabei den Genuss des Lebens zu Vernachl\u00e4ssigen. Denn am Ende z\u00e4hlt nicht nur das materielle Verm\u00f6gen, sondern auch ein unterst\u00fctzendes Netzwerk. Aktuelle Beitr\u00e4ge Keine Inhalte verf\u00fcgbar<\/p>\n","protected":false},"author":1,"featured_media":0,"parent":0,"menu_order":0,"comment_status":"closed","ping_status":"closed","template":"elementor_header_footer","meta":{"footnotes":""},"class_list":["post-1971","page","type-page","status-publish","hentry"],"_links":{"self":[{"href":"https:\/\/husl.report\/index.php?rest_route=\/wp\/v2\/pages\/1971","targetHints":{"allow":["GET"]}}],"collection":[{"href":"https:\/\/husl.report\/index.php?rest_route=\/wp\/v2\/pages"}],"about":[{"href":"https:\/\/husl.report\/index.php?rest_route=\/wp\/v2\/types\/page"}],"author":[{"embeddable":true,"href":"https:\/\/husl.report\/index.php?rest_route=\/wp\/v2\/users\/1"}],"replies":[{"embeddable":true,"href":"https:\/\/husl.report\/index.php?rest_route=%2Fwp%2Fv2%2Fcomments&post=1971"}],"version-history":[{"count":16,"href":"https:\/\/husl.report\/index.php?rest_route=\/wp\/v2\/pages\/1971\/revisions"}],"predecessor-version":[{"id":3814,"href":"https:\/\/husl.report\/index.php?rest_route=\/wp\/v2\/pages\/1971\/revisions\/3814"}],"wp:attachment":[{"href":"https:\/\/husl.report\/index.php?rest_route=%2Fwp%2Fv2%2Fmedia&parent=1971"}],"curies":[{"name":"wp","href":"https:\/\/api.w.org\/{rel}","templated":true}]}}