{"id":1997,"date":"2025-07-02T06:52:15","date_gmt":"2025-07-02T06:52:15","guid":{"rendered":"https:\/\/husl.report\/?page_id=1997"},"modified":"2025-08-27T06:08:12","modified_gmt":"2025-08-27T06:08:12","slug":"krypto-wallets","status":"publish","type":"page","link":"https:\/\/husl.report\/?page_id=1997","title":{"rendered":"Krypto &#038; Wallets"},"content":{"rendered":"\t\t<div data-elementor-type=\"wp-page\" data-elementor-id=\"1997\" class=\"elementor elementor-1997\" data-elementor-post-type=\"page\">\n\t\t\t\t<div class=\"elementor-element elementor-element-3f34fa92 e-con-full e-flex e-con e-parent\" data-id=\"3f34fa92\" data-element_type=\"container\" data-e-type=\"container\">\n\t\t<div class=\"elementor-element elementor-element-df85a09 e-con-full e-flex e-con e-child\" data-id=\"df85a09\" data-element_type=\"container\" data-e-type=\"container\" data-settings=\"{&quot;background_background&quot;:&quot;gradient&quot;}\">\n\t\t<div class=\"elementor-element elementor-element-fa95035 e-con-full e-flex e-con e-child\" data-id=\"fa95035\" data-element_type=\"container\" data-e-type=\"container\" data-settings=\"{&quot;background_background&quot;:&quot;classic&quot;}\">\n\t\t\t\t<div class=\"elementor-element elementor-element-586932f elementor-widget__width-initial elementor-widget elementor-widget-elementskit-heading\" data-id=\"586932f\" data-element_type=\"widget\" data-e-type=\"widget\" data-widget_type=\"elementskit-heading.default\">\n\t\t\t\t<div class=\"elementor-widget-container\">\n\t\t\t\t\t<div class=\"ekit-wid-con\" ><div class=\"ekit-heading elementskit-section-title-wraper text_center   ekit_heading_tablet-   ekit_heading_mobile-\"><h1 class=\"ekit-heading--title elementskit-section-title \">Krypto &amp; Wallets<\/h1><\/div><\/div>\t\t\t\t<\/div>\n\t\t\t\t<\/div>\n\t\t\t\t<\/div>\n\t\t\t\t<\/div>\n\t\t\t\t<\/div>\n\t\t<div class=\"elementor-element elementor-element-4eecc0a e-con-full e-flex e-con e-parent\" data-id=\"4eecc0a\" data-element_type=\"container\" data-e-type=\"container\" data-settings=\"{&quot;background_background&quot;:&quot;classic&quot;}\">\n\t\t<div class=\"elementor-element elementor-element-c5e03cd e-con-full e-flex e-con e-child\" data-id=\"c5e03cd\" data-element_type=\"container\" data-e-type=\"container\" data-settings=\"{&quot;background_background&quot;:&quot;classic&quot;}\">\n\t\t<div class=\"elementor-element elementor-element-69a6c3c e-flex e-con-boxed e-con e-child\" data-id=\"69a6c3c\" data-element_type=\"container\" data-e-type=\"container\">\n\t\t\t\t\t<div class=\"e-con-inner\">\n\t\t<div class=\"elementor-element elementor-element-bcaa442 e-con-full e-flex e-con e-child\" data-id=\"bcaa442\" data-element_type=\"container\" data-e-type=\"container\">\n\t\t\t\t<div class=\"elementor-element elementor-element-0d62e1b elementor-widget elementor-widget-text-editor\" data-id=\"0d62e1b\" data-element_type=\"widget\" data-e-type=\"widget\" data-widget_type=\"text-editor.default\">\n\t\t\t\t<div class=\"elementor-widget-container\">\n\t\t\t\t\t\t\t\t\t<p>Erfahren von Experten aus der Wirtschaft, wie Du Dein Verm\u00f6gen effektiv sch\u00fctzen und gleichzeitig ausbauen kannst, ohne dabei den Genuss des Lebens zu Vernachl\u00e4ssigen. Denn am Ende z\u00e4hlt nicht nur das materielle Verm\u00f6gen, sondern auch ein unterst\u00fctzendes Netzwerk.<\/p>\t\t\t\t\t\t\t\t<\/div>\n\t\t\t\t<\/div>\n\t\t\t\t<\/div>\n\t\t\t\t\t<\/div>\n\t\t\t\t<\/div>\n\t\t\t\t<\/div>\n\t\t\t\t<\/div>\n\t\t<div class=\"elementor-element elementor-element-2be2badb e-flex e-con-boxed e-con e-parent\" data-id=\"2be2badb\" data-element_type=\"container\" data-e-type=\"container\">\n\t\t\t\t\t<div class=\"e-con-inner\">\n\t\t<div class=\"elementor-element elementor-element-f960061 e-con-full e-flex e-con e-child\" data-id=\"f960061\" data-element_type=\"container\" data-e-type=\"container\">\n\t\t\t\t<div class=\"elementor-element elementor-element-54aeb74 elementor-widget elementor-widget-heading\" data-id=\"54aeb74\" data-element_type=\"widget\" data-e-type=\"widget\" data-widget_type=\"heading.default\">\n\t\t\t\t<div class=\"elementor-widget-container\">\n\t\t\t\t\t<h2 class=\"elementor-heading-title elementor-size-default\">Aktuelle Beitr\u00e4ge<\/h2>\t\t\t\t<\/div>\n\t\t\t\t<\/div>\n\t\t\t\t<\/div>\n\t\t<div class=\"elementor-element elementor-element-55ac5c5d e-con-full e-flex e-con e-child\" data-id=\"55ac5c5d\" data-element_type=\"container\" data-e-type=\"container\">\n\t\t\t\t<div class=\"elementor-element elementor-element-4f473e16 elementor-widget elementor-widget-jkit_post_block\" data-id=\"4f473e16\" data-element_type=\"widget\" data-e-type=\"widget\" data-widget_type=\"jkit_post_block.default\">\n\t\t\t\t<div class=\"elementor-widget-container\">\n\t\t\t\t\t<div  class=\"jeg-elementor-kit jkit-postblock postblock-type-3 jkit-pagination-disable post-element jeg_module___69ff34617a77d\"  data-id=\"jeg_module___69ff34617a77d\" data-settings=\"{&quot;post_type&quot;:&quot;post&quot;,&quot;number_post&quot;:{&quot;unit&quot;:&quot;px&quot;,&quot;size&quot;:9,&quot;sizes&quot;:[]},&quot;post_offset&quot;:0,&quot;unique_content&quot;:&quot;disable&quot;,&quot;include_post&quot;:&quot;&quot;,&quot;exclude_post&quot;:&quot;&quot;,&quot;include_category&quot;:&quot;52&quot;,&quot;exclude_category&quot;:&quot;&quot;,&quot;include_author&quot;:&quot;&quot;,&quot;include_tag&quot;:&quot;&quot;,&quot;exclude_tag&quot;:&quot;&quot;,&quot;download_category&quot;:&quot;&quot;,&quot;download_tag&quot;:&quot;&quot;,&quot;sort_by&quot;:&quot;latest&quot;,&quot;pagination_mode&quot;:&quot;disable&quot;,&quot;pagination_loadmore_text&quot;:&quot;Load More&quot;,&quot;pagination_loading_text&quot;:&quot;Loading...&quot;,&quot;pagination_number_post&quot;:{&quot;unit&quot;:&quot;px&quot;,&quot;size&quot;:3,&quot;sizes&quot;:[]},&quot;pagination_scroll_limit&quot;:0,&quot;pagination_icon&quot;:{&quot;value&quot;:&quot;&quot;,&quot;library&quot;:&quot;&quot;},&quot;pagination_icon_position&quot;:&quot;before&quot;,&quot;st_category_position&quot;:&quot;left&quot;,&quot;sg_content_postblock_type&quot;:&quot;type-3&quot;,&quot;sg_content_element_order&quot;:&quot;title,excerpt,meta&quot;,&quot;sg_content_breakpoint&quot;:&quot;tablet&quot;,&quot;sg_content_title_html_tag&quot;:&quot;h3&quot;,&quot;sg_content_category_enable&quot;:&quot;yes&quot;,&quot;sg_content_excerpt_enable&quot;:&quot;&quot;,&quot;sg_content_excerpt_length&quot;:{&quot;unit&quot;:&quot;px&quot;,&quot;size&quot;:10,&quot;sizes&quot;:[]},&quot;sg_content_excerpt_more&quot;:&quot;...&quot;,&quot;sg_content_readmore_enable&quot;:&quot;&quot;,&quot;sg_content_readmore_icon&quot;:{&quot;value&quot;:&quot;&quot;,&quot;library&quot;:&quot;&quot;},&quot;sg_content_readmore_icon_position&quot;:&quot;after&quot;,&quot;sg_content_readmore_text&quot;:&quot;Read More&quot;,&quot;sg_content_comment_enable&quot;:&quot;&quot;,&quot;sg_content_comment_icon&quot;:{&quot;value&quot;:&quot;fas fa-comment&quot;,&quot;library&quot;:&quot;fa-solid&quot;},&quot;sg_content_comment_icon_position&quot;:&quot;before&quot;,&quot;sg_content_meta_enable&quot;:&quot;yes&quot;,&quot;sg_content_meta_author_enable&quot;:&quot;yes&quot;,&quot;sg_content_meta_author_by_text&quot;:&quot;Husl.Report&quot;,&quot;sg_content_meta_author_icon&quot;:{&quot;value&quot;:&quot;&quot;,&quot;library&quot;:&quot;&quot;},&quot;sg_content_meta_author_icon_position&quot;:&quot;before&quot;,&quot;sg_content_meta_date_enable&quot;:&quot;yes&quot;,&quot;sg_content_meta_date_type&quot;:&quot;published&quot;,&quot;sg_content_meta_date_format&quot;:&quot;default&quot;,&quot;sg_content_meta_date_format_custom&quot;:&quot;F j, Y&quot;,&quot;sg_content_meta_date_icon&quot;:{&quot;value&quot;:&quot;&quot;,&quot;library&quot;:&quot;&quot;},&quot;sg_content_meta_date_icon_position&quot;:&quot;before&quot;,&quot;sg_content_image_size_imagesize_size&quot;:&quot;full&quot;,&quot;paged&quot;:1,&quot;class&quot;:&quot;jkit_post_block&quot;}\"><div class=\"jkit-block-container\"><div class=\"jkit-posts jkit-ajax-flag\">\n            <article class=\"jkit-post post-4078 post type-post status-publish format-standard has-post-thumbnail hentry category-crypto category-krypto-wallets category-start\">\n                    <div class=\"jkit-thumb\"><a aria-label=\"\ud83d\udcca\u00a0Bitcoin Marktbericht \u2013 \u201eZerrei\u00dfprobe im Bullrun\u201c\" href=\"https:\/\/husl.report\/?p=4078\"><div class=\"thumbnail-container \">\n            <img loading=\"lazy\" decoding=\"async\" width=\"2560\" height=\"1700\" src=\"https:\/\/husl.report\/wp-content\/uploads\/2025\/08\/AdobeStock_634830810-scaled.jpeg\" class=\"attachment-full size-full wp-post-image\" alt=\"\" loading=\"lazy\" srcset=\"https:\/\/husl.report\/wp-content\/uploads\/2025\/08\/AdobeStock_634830810-scaled.jpeg 2560w, https:\/\/husl.report\/wp-content\/uploads\/2025\/08\/AdobeStock_634830810-300x199.jpeg 300w, https:\/\/husl.report\/wp-content\/uploads\/2025\/08\/AdobeStock_634830810-1024x680.jpeg 1024w, https:\/\/husl.report\/wp-content\/uploads\/2025\/08\/AdobeStock_634830810-768x510.jpeg 768w, https:\/\/husl.report\/wp-content\/uploads\/2025\/08\/AdobeStock_634830810-1536x1020.jpeg 1536w, https:\/\/husl.report\/wp-content\/uploads\/2025\/08\/AdobeStock_634830810-2048x1360.jpeg 2048w, https:\/\/husl.report\/wp-content\/uploads\/2025\/08\/AdobeStock_634830810-1320x877.jpeg 1320w\" sizes=\"auto, (max-width: 2560px) 100vw, 2560px\" \/>\n        <\/div><\/a><div class=\"jkit-post-category position-left\"><span><a href=\"https:\/\/husl.report\/?cat=46\" class=\"category-crypto\">Crypto<\/a><\/span><\/div><\/div>\n                    <div class=\"jkit-postblock-content\"><h3 class=\"jkit-post-title\">\n\t\t\t\t\t\t\t<a href=\"https:\/\/husl.report\/?p=4078\">\ud83d\udcca\u00a0Bitcoin Marktbericht \u2013 \u201eZerrei\u00dfprobe im Bullrun\u201c<\/a>\n\t\t\t\t\t\t<\/h3><div class=\"jkit-post-meta\"><div class=\"jkit-meta-author icon-position-before\"><span class=\"by\">Husl.Report<\/span><a href=\"https:\/\/husl.report\/?author=1\">admin<\/a><\/div><div class=\"jkit-meta-date icon-position-before\">November 19, 2025<\/div><\/div><\/div>\n                <\/article><article class=\"jkit-post post-3504 post type-post status-publish format-standard has-post-thumbnail hentry category-crypto category-krypto-wallets category-start\">\n                    <div class=\"jkit-thumb\"><a aria-label=\"Wachsamkeit, ist jetzt gefordert!\" href=\"https:\/\/husl.report\/?p=3504\"><div class=\"thumbnail-container \">\n            <img loading=\"lazy\" decoding=\"async\" width=\"2560\" height=\"1707\" src=\"https:\/\/husl.report\/wp-content\/uploads\/2025\/08\/AdobeStock_1246521772-scaled.jpeg\" class=\"attachment-full size-full wp-post-image\" alt=\"\" loading=\"lazy\" srcset=\"https:\/\/husl.report\/wp-content\/uploads\/2025\/08\/AdobeStock_1246521772-scaled.jpeg 2560w, https:\/\/husl.report\/wp-content\/uploads\/2025\/08\/AdobeStock_1246521772-300x200.jpeg 300w, https:\/\/husl.report\/wp-content\/uploads\/2025\/08\/AdobeStock_1246521772-1024x683.jpeg 1024w, https:\/\/husl.report\/wp-content\/uploads\/2025\/08\/AdobeStock_1246521772-768x512.jpeg 768w, https:\/\/husl.report\/wp-content\/uploads\/2025\/08\/AdobeStock_1246521772-1536x1024.jpeg 1536w, https:\/\/husl.report\/wp-content\/uploads\/2025\/08\/AdobeStock_1246521772-2048x1365.jpeg 2048w, https:\/\/husl.report\/wp-content\/uploads\/2025\/08\/AdobeStock_1246521772-1320x880.jpeg 1320w\" sizes=\"auto, (max-width: 2560px) 100vw, 2560px\" \/>\n        <\/div><\/a><div class=\"jkit-post-category position-left\"><span><a href=\"https:\/\/husl.report\/?cat=46\" class=\"category-crypto\">Crypto<\/a><\/span><\/div><\/div>\n                    <div class=\"jkit-postblock-content\"><h3 class=\"jkit-post-title\">\n\t\t\t\t\t\t\t<a href=\"https:\/\/husl.report\/?p=3504\">Wachsamkeit, ist jetzt gefordert!<\/a>\n\t\t\t\t\t\t<\/h3><div class=\"jkit-post-meta\"><div class=\"jkit-meta-author icon-position-before\"><span class=\"by\">Husl.Report<\/span><a href=\"https:\/\/husl.report\/?author=1\">admin<\/a><\/div><div class=\"jkit-meta-date icon-position-before\">August 27, 2025<\/div><\/div><\/div>\n                <\/article><article class=\"jkit-post post-3520 post type-post status-publish format-standard has-post-thumbnail hentry category-krypto-wallets category-start\">\n                    <div class=\"jkit-thumb\"><a aria-label=\"Bitcoin im Fokus \u2013 Unterst\u00fctzungen im Check\" href=\"https:\/\/husl.report\/?p=3520\"><div class=\"thumbnail-container \">\n            <img loading=\"lazy\" decoding=\"async\" width=\"1500\" height=\"1001\" src=\"https:\/\/husl.report\/wp-content\/uploads\/2025\/02\/Traderoom-jpg-015.jpg\" class=\"attachment-full size-full wp-post-image\" alt=\"\" loading=\"lazy\" srcset=\"https:\/\/husl.report\/wp-content\/uploads\/2025\/02\/Traderoom-jpg-015.jpg 1500w, https:\/\/husl.report\/wp-content\/uploads\/2025\/02\/Traderoom-jpg-015-300x200.jpg 300w, https:\/\/husl.report\/wp-content\/uploads\/2025\/02\/Traderoom-jpg-015-1024x683.jpg 1024w, https:\/\/husl.report\/wp-content\/uploads\/2025\/02\/Traderoom-jpg-015-768x513.jpg 768w\" sizes=\"auto, (max-width: 1500px) 100vw, 1500px\" \/>\n        <\/div><\/a><div class=\"jkit-post-category position-left\"><span><a href=\"https:\/\/husl.report\/?cat=52\" class=\"category-krypto-wallets\">Krypto &amp; Wallets<\/a><\/span><\/div><\/div>\n                    <div class=\"jkit-postblock-content\"><h3 class=\"jkit-post-title\">\n\t\t\t\t\t\t\t<a href=\"https:\/\/husl.report\/?p=3520\">Bitcoin im Fokus \u2013 Unterst\u00fctzungen im Check<\/a>\n\t\t\t\t\t\t<\/h3><div class=\"jkit-post-meta\"><div class=\"jkit-meta-author icon-position-before\"><span class=\"by\">Husl.Report<\/span><a href=\"https:\/\/husl.report\/?author=1\">admin<\/a><\/div><div class=\"jkit-meta-date icon-position-before\">August 27, 2025<\/div><\/div><\/div>\n                <\/article><article class=\"jkit-post post-3525 post type-post status-publish format-standard has-post-thumbnail hentry category-krypto-wallets category-start\">\n                    <div class=\"jkit-thumb\"><a aria-label=\"Der Countdown l\u00e4uft: 6\u20138 Wochen bis zum Krypto-Finale?\" href=\"https:\/\/husl.report\/?p=3525\"><div class=\"thumbnail-container \">\n            <img loading=\"lazy\" decoding=\"async\" width=\"1707\" height=\"2560\" src=\"https:\/\/husl.report\/wp-content\/uploads\/2025\/02\/geronimo-giqueaux-xqjgM0paZLU-unsplash-scaled.jpg\" class=\"attachment-full size-full wp-post-image\" alt=\"\" loading=\"lazy\" srcset=\"https:\/\/husl.report\/wp-content\/uploads\/2025\/02\/geronimo-giqueaux-xqjgM0paZLU-unsplash-scaled.jpg 1707w, https:\/\/husl.report\/wp-content\/uploads\/2025\/02\/geronimo-giqueaux-xqjgM0paZLU-unsplash-200x300.jpg 200w, https:\/\/husl.report\/wp-content\/uploads\/2025\/02\/geronimo-giqueaux-xqjgM0paZLU-unsplash-683x1024.jpg 683w, https:\/\/husl.report\/wp-content\/uploads\/2025\/02\/geronimo-giqueaux-xqjgM0paZLU-unsplash-768x1152.jpg 768w, https:\/\/husl.report\/wp-content\/uploads\/2025\/02\/geronimo-giqueaux-xqjgM0paZLU-unsplash-1024x1536.jpg 1024w, https:\/\/husl.report\/wp-content\/uploads\/2025\/02\/geronimo-giqueaux-xqjgM0paZLU-unsplash-1365x2048.jpg 1365w\" sizes=\"auto, (max-width: 1707px) 100vw, 1707px\" \/>\n        <\/div><\/a><div class=\"jkit-post-category position-left\"><span><a href=\"https:\/\/husl.report\/?cat=52\" class=\"category-krypto-wallets\">Krypto &amp; Wallets<\/a><\/span><\/div><\/div>\n                    <div class=\"jkit-postblock-content\"><h3 class=\"jkit-post-title\">\n\t\t\t\t\t\t\t<a href=\"https:\/\/husl.report\/?p=3525\">Der Countdown l\u00e4uft: 6\u20138 Wochen bis zum Krypto-Finale?<\/a>\n\t\t\t\t\t\t<\/h3><div class=\"jkit-post-meta\"><div class=\"jkit-meta-author icon-position-before\"><span class=\"by\">Husl.Report<\/span><a href=\"https:\/\/husl.report\/?author=1\">admin<\/a><\/div><div class=\"jkit-meta-date icon-position-before\">August 27, 2025<\/div><\/div><\/div>\n                <\/article><article class=\"jkit-post post-3527 post type-post status-publish format-standard has-post-thumbnail hentry category-krypto-wallets category-start\">\n                    <div class=\"jkit-thumb\"><a aria-label=\"Inflationsdaten, Zinswende &#038; die Altcoin-Frage \u2013 was jetzt wichtig ist\" href=\"https:\/\/husl.report\/?p=3527\"><div class=\"thumbnail-container \">\n            <img loading=\"lazy\" decoding=\"async\" width=\"1429\" height=\"706\" src=\"https:\/\/husl.report\/wp-content\/uploads\/2025\/02\/Traderoom-jpg-016.jpg\" class=\"attachment-full size-full wp-post-image\" alt=\"\" loading=\"lazy\" srcset=\"https:\/\/husl.report\/wp-content\/uploads\/2025\/02\/Traderoom-jpg-016.jpg 1429w, https:\/\/husl.report\/wp-content\/uploads\/2025\/02\/Traderoom-jpg-016-300x148.jpg 300w, https:\/\/husl.report\/wp-content\/uploads\/2025\/02\/Traderoom-jpg-016-1024x506.jpg 1024w, https:\/\/husl.report\/wp-content\/uploads\/2025\/02\/Traderoom-jpg-016-768x379.jpg 768w\" sizes=\"auto, (max-width: 1429px) 100vw, 1429px\" \/>\n        <\/div><\/a><div class=\"jkit-post-category position-left\"><span><a href=\"https:\/\/husl.report\/?cat=52\" class=\"category-krypto-wallets\">Krypto &amp; Wallets<\/a><\/span><\/div><\/div>\n                    <div class=\"jkit-postblock-content\"><h3 class=\"jkit-post-title\">\n\t\t\t\t\t\t\t<a href=\"https:\/\/husl.report\/?p=3527\">Inflationsdaten, Zinswende &#038; die Altcoin-Frage \u2013 was jetzt wichtig ist<\/a>\n\t\t\t\t\t\t<\/h3><div class=\"jkit-post-meta\"><div class=\"jkit-meta-author icon-position-before\"><span class=\"by\">Husl.Report<\/span><a href=\"https:\/\/husl.report\/?author=1\">admin<\/a><\/div><div class=\"jkit-meta-date icon-position-before\">August 27, 2025<\/div><\/div><\/div>\n                <\/article><article class=\"jkit-post post-3699 post type-post status-publish format-standard has-post-thumbnail hentry category-krypto-wallets category-start\">\n                    <div class=\"jkit-thumb\"><a aria-label=\"Portfolio-Update \u2013 Fokus Supra, Bitcoin &#038; Ethereum\" href=\"https:\/\/husl.report\/?p=3699\"><div class=\"thumbnail-container \">\n            <img loading=\"lazy\" decoding=\"async\" width=\"1920\" height=\"862\" src=\"https:\/\/husl.report\/wp-content\/uploads\/2025\/02\/banner.png\" class=\"attachment-full size-full wp-post-image\" alt=\"\" loading=\"lazy\" srcset=\"https:\/\/husl.report\/wp-content\/uploads\/2025\/02\/banner.png 1920w, https:\/\/husl.report\/wp-content\/uploads\/2025\/02\/banner-300x135.png 300w, https:\/\/husl.report\/wp-content\/uploads\/2025\/02\/banner-1024x460.png 1024w, https:\/\/husl.report\/wp-content\/uploads\/2025\/02\/banner-768x345.png 768w, https:\/\/husl.report\/wp-content\/uploads\/2025\/02\/banner-1536x690.png 1536w\" sizes=\"auto, (max-width: 1920px) 100vw, 1920px\" \/>\n        <\/div><\/a><div class=\"jkit-post-category position-left\"><span><a href=\"https:\/\/husl.report\/?cat=52\" class=\"category-krypto-wallets\">Krypto &amp; Wallets<\/a><\/span><\/div><\/div>\n                    <div class=\"jkit-postblock-content\"><h3 class=\"jkit-post-title\">\n\t\t\t\t\t\t\t<a href=\"https:\/\/husl.report\/?p=3699\">Portfolio-Update \u2013 Fokus Supra, Bitcoin &#038; Ethereum<\/a>\n\t\t\t\t\t\t<\/h3><div class=\"jkit-post-meta\"><div class=\"jkit-meta-author icon-position-before\"><span class=\"by\">Husl.Report<\/span><a href=\"https:\/\/husl.report\/?author=1\">admin<\/a><\/div><div class=\"jkit-meta-date icon-position-before\">August 27, 2025<\/div><\/div><\/div>\n                <\/article><article class=\"jkit-post post-3726 post type-post status-publish format-standard has-post-thumbnail hentry category-krypto-wallets category-start\">\n                    <div class=\"jkit-thumb\"><a aria-label=\"Trading-Mindset: Warum dein Kopf wichtiger ist als dein Chart\" href=\"https:\/\/husl.report\/?p=3726\"><div class=\"thumbnail-container \">\n            <img loading=\"lazy\" decoding=\"async\" width=\"1666\" height=\"2499\" src=\"https:\/\/husl.report\/wp-content\/uploads\/2025\/07\/Max_01.jpg\" class=\"attachment-full size-full wp-post-image\" alt=\"\" loading=\"lazy\" srcset=\"https:\/\/husl.report\/wp-content\/uploads\/2025\/07\/Max_01.jpg 1666w, https:\/\/husl.report\/wp-content\/uploads\/2025\/07\/Max_01-200x300.jpg 200w, https:\/\/husl.report\/wp-content\/uploads\/2025\/07\/Max_01-683x1024.jpg 683w, https:\/\/husl.report\/wp-content\/uploads\/2025\/07\/Max_01-768x1152.jpg 768w, https:\/\/husl.report\/wp-content\/uploads\/2025\/07\/Max_01-1024x1536.jpg 1024w, https:\/\/husl.report\/wp-content\/uploads\/2025\/07\/Max_01-1365x2048.jpg 1365w, https:\/\/husl.report\/wp-content\/uploads\/2025\/07\/Max_01-1320x1980.jpg 1320w\" sizes=\"auto, (max-width: 1666px) 100vw, 1666px\" \/>\n        <\/div><\/a><div class=\"jkit-post-category position-left\"><span><a href=\"https:\/\/husl.report\/?cat=52\" class=\"category-krypto-wallets\">Krypto &amp; Wallets<\/a><\/span><\/div><\/div>\n                    <div class=\"jkit-postblock-content\"><h3 class=\"jkit-post-title\">\n\t\t\t\t\t\t\t<a href=\"https:\/\/husl.report\/?p=3726\">Trading-Mindset: Warum dein Kopf wichtiger ist als dein Chart<\/a>\n\t\t\t\t\t\t<\/h3><div class=\"jkit-post-meta\"><div class=\"jkit-meta-author icon-position-before\"><span class=\"by\">Husl.Report<\/span><a href=\"https:\/\/husl.report\/?author=1\">admin<\/a><\/div><div class=\"jkit-meta-date icon-position-before\">August 27, 2025<\/div><\/div><\/div>\n                <\/article><article class=\"jkit-post post-3498 post type-post status-publish format-standard has-post-thumbnail hentry category-krypto-wallets category-start\">\n                    <div class=\"jkit-thumb\"><a aria-label=\"Ethereum am Schl\u00fcsselpunkt, Bitcoin droht Liquidit\u00e4tsentzug \u2013 Zinspolitik und Arbeitsmarktdaten setzen Signale\" href=\"https:\/\/husl.report\/?p=3498\"><div class=\"thumbnail-container \">\n            <img loading=\"lazy\" decoding=\"async\" width=\"1430\" height=\"804\" src=\"https:\/\/husl.report\/wp-content\/uploads\/2025\/08\/Bildschirmfoto-2025-08-05-um-17.48.29.png\" class=\"attachment-full size-full wp-post-image\" alt=\"\" loading=\"lazy\" srcset=\"https:\/\/husl.report\/wp-content\/uploads\/2025\/08\/Bildschirmfoto-2025-08-05-um-17.48.29.png 1430w, https:\/\/husl.report\/wp-content\/uploads\/2025\/08\/Bildschirmfoto-2025-08-05-um-17.48.29-300x169.png 300w, https:\/\/husl.report\/wp-content\/uploads\/2025\/08\/Bildschirmfoto-2025-08-05-um-17.48.29-1024x576.png 1024w, https:\/\/husl.report\/wp-content\/uploads\/2025\/08\/Bildschirmfoto-2025-08-05-um-17.48.29-768x432.png 768w, https:\/\/husl.report\/wp-content\/uploads\/2025\/08\/Bildschirmfoto-2025-08-05-um-17.48.29-1320x742.png 1320w\" sizes=\"auto, (max-width: 1430px) 100vw, 1430px\" \/>\n        <\/div><\/a><div class=\"jkit-post-category position-left\"><span><a href=\"https:\/\/husl.report\/?cat=52\" class=\"category-krypto-wallets\">Krypto &amp; Wallets<\/a><\/span><\/div><\/div>\n                    <div class=\"jkit-postblock-content\"><h3 class=\"jkit-post-title\">\n\t\t\t\t\t\t\t<a href=\"https:\/\/husl.report\/?p=3498\">Ethereum am Schl\u00fcsselpunkt, Bitcoin droht Liquidit\u00e4tsentzug \u2013 Zinspolitik und Arbeitsmarktdaten setzen Signale<\/a>\n\t\t\t\t\t\t<\/h3><div class=\"jkit-post-meta\"><div class=\"jkit-meta-author icon-position-before\"><span class=\"by\">Husl.Report<\/span><a href=\"https:\/\/husl.report\/?author=1\">admin<\/a><\/div><div class=\"jkit-meta-date icon-position-before\">August 5, 2025<\/div><\/div><\/div>\n                <\/article><article class=\"jkit-post post-3415 post type-post status-publish format-standard has-post-thumbnail hentry category-krypto-wallets category-start\">\n                    <div class=\"jkit-thumb\"><a aria-label=\"Blockchain Market Prognose \u2013 Analyse &amp; Einordnung\" href=\"https:\/\/husl.report\/?p=3415\"><div class=\"thumbnail-container \">\n            <img loading=\"lazy\" decoding=\"async\" width=\"1666\" height=\"2499\" src=\"https:\/\/husl.report\/wp-content\/uploads\/2025\/07\/Max_01.jpg\" class=\"attachment-full size-full wp-post-image\" alt=\"\" loading=\"lazy\" srcset=\"https:\/\/husl.report\/wp-content\/uploads\/2025\/07\/Max_01.jpg 1666w, https:\/\/husl.report\/wp-content\/uploads\/2025\/07\/Max_01-200x300.jpg 200w, https:\/\/husl.report\/wp-content\/uploads\/2025\/07\/Max_01-683x1024.jpg 683w, https:\/\/husl.report\/wp-content\/uploads\/2025\/07\/Max_01-768x1152.jpg 768w, https:\/\/husl.report\/wp-content\/uploads\/2025\/07\/Max_01-1024x1536.jpg 1024w, https:\/\/husl.report\/wp-content\/uploads\/2025\/07\/Max_01-1365x2048.jpg 1365w, https:\/\/husl.report\/wp-content\/uploads\/2025\/07\/Max_01-1320x1980.jpg 1320w\" sizes=\"auto, (max-width: 1666px) 100vw, 1666px\" \/>\n        <\/div><\/a><div class=\"jkit-post-category position-left\"><span><a href=\"https:\/\/husl.report\/?cat=52\" class=\"category-krypto-wallets\">Krypto &amp; Wallets<\/a><\/span><\/div><\/div>\n                    <div class=\"jkit-postblock-content\"><h3 class=\"jkit-post-title\">\n\t\t\t\t\t\t\t<a href=\"https:\/\/husl.report\/?p=3415\">Blockchain Market Prognose \u2013 Analyse &amp; Einordnung<\/a>\n\t\t\t\t\t\t<\/h3><div class=\"jkit-post-meta\"><div class=\"jkit-meta-author icon-position-before\"><span class=\"by\">Husl.Report<\/span><a href=\"https:\/\/husl.report\/?author=1\">admin<\/a><\/div><div class=\"jkit-meta-date icon-position-before\">August 3, 2025<\/div><\/div><\/div>\n                <\/article>\n        <\/div><\/div><\/div>\t\t\t\t<\/div>\n\t\t\t\t<\/div>\n\t\t\t\t<\/div>\n\t\t\t\t\t<\/div>\n\t\t\t\t<\/div>\n\t\t\t\t<\/div>\n\t\t","protected":false},"excerpt":{"rendered":"<p>Krypto &amp; Wallets Erfahren von Experten aus der Wirtschaft, wie Du Dein Verm\u00f6gen effektiv sch\u00fctzen und gleichzeitig ausbauen kannst, ohne dabei den Genuss des Lebens zu Vernachl\u00e4ssigen. Denn am Ende z\u00e4hlt nicht nur das materielle Verm\u00f6gen, sondern auch ein unterst\u00fctzendes Netzwerk. Aktuelle Beitr\u00e4ge edit post Krypto &amp; Wallets Trading-Mindset: Warum dein Kopf wichtiger ist als [&hellip;]<\/p>\n","protected":false},"author":1,"featured_media":0,"parent":0,"menu_order":0,"comment_status":"closed","ping_status":"closed","template":"elementor_header_footer","meta":{"footnotes":""},"class_list":["post-1997","page","type-page","status-publish","hentry"],"_links":{"self":[{"href":"https:\/\/husl.report\/index.php?rest_route=\/wp\/v2\/pages\/1997","targetHints":{"allow":["GET"]}}],"collection":[{"href":"https:\/\/husl.report\/index.php?rest_route=\/wp\/v2\/pages"}],"about":[{"href":"https:\/\/husl.report\/index.php?rest_route=\/wp\/v2\/types\/page"}],"author":[{"embeddable":true,"href":"https:\/\/husl.report\/index.php?rest_route=\/wp\/v2\/users\/1"}],"replies":[{"embeddable":true,"href":"https:\/\/husl.report\/index.php?rest_route=%2Fwp%2Fv2%2Fcomments&post=1997"}],"version-history":[{"count":19,"href":"https:\/\/husl.report\/index.php?rest_route=\/wp\/v2\/pages\/1997\/revisions"}],"predecessor-version":[{"id":3832,"href":"https:\/\/husl.report\/index.php?rest_route=\/wp\/v2\/pages\/1997\/revisions\/3832"}],"wp:attachment":[{"href":"https:\/\/husl.report\/index.php?rest_route=%2Fwp%2Fv2%2Fmedia&parent=1997"}],"curies":[{"name":"wp","href":"https:\/\/api.w.org\/{rel}","templated":true}]}}