{"id":2078,"date":"2025-07-02T07:19:46","date_gmt":"2025-07-02T07:19:46","guid":{"rendered":"https:\/\/husl.report\/?page_id=2078"},"modified":"2025-09-04T09:46:21","modified_gmt":"2025-09-04T09:46:21","slug":"aktien-etfs-2","status":"publish","type":"page","link":"https:\/\/husl.report\/?page_id=2078","title":{"rendered":"Aktien &#038; ETFs"},"content":{"rendered":"\t\t<div data-elementor-type=\"wp-page\" data-elementor-id=\"2078\" class=\"elementor elementor-2078\" data-elementor-post-type=\"page\">\n\t\t\t\t<div class=\"elementor-element elementor-element-3f34fa92 e-con-full e-flex e-con e-parent\" data-id=\"3f34fa92\" data-element_type=\"container\" data-e-type=\"container\">\n\t\t<div class=\"elementor-element elementor-element-df85a09 e-con-full e-flex e-con e-child\" data-id=\"df85a09\" data-element_type=\"container\" data-e-type=\"container\" data-settings=\"{&quot;background_background&quot;:&quot;gradient&quot;}\">\n\t\t<div class=\"elementor-element elementor-element-fa95035 e-con-full e-flex e-con e-child\" data-id=\"fa95035\" data-element_type=\"container\" data-e-type=\"container\" data-settings=\"{&quot;background_background&quot;:&quot;classic&quot;}\">\n\t\t\t\t<div class=\"elementor-element elementor-element-586932f elementor-widget__width-initial elementor-widget elementor-widget-elementskit-heading\" data-id=\"586932f\" data-element_type=\"widget\" data-e-type=\"widget\" data-widget_type=\"elementskit-heading.default\">\n\t\t\t\t<div class=\"elementor-widget-container\">\n\t\t\t\t\t<div class=\"ekit-wid-con\" ><div class=\"ekit-heading elementskit-section-title-wraper text_center   ekit_heading_tablet-   ekit_heading_mobile-\"><h1 class=\"ekit-heading--title elementskit-section-title \">Laufende Marktprognosen Exklusiver Zugang (nur bei Pro, Select &amp; Elite sichtbar)<\/h1><\/div><\/div>\t\t\t\t<\/div>\n\t\t\t\t<\/div>\n\t\t\t\t<\/div>\n\t\t\t\t<\/div>\n\t\t\t\t<\/div>\n\t\t<div class=\"elementor-element elementor-element-4eecc0a e-con-full e-flex e-con e-parent\" data-id=\"4eecc0a\" data-element_type=\"container\" data-e-type=\"container\" data-settings=\"{&quot;background_background&quot;:&quot;classic&quot;}\">\n\t\t<div class=\"elementor-element elementor-element-c5e03cd e-con-full e-flex e-con e-child\" data-id=\"c5e03cd\" data-element_type=\"container\" data-e-type=\"container\" data-settings=\"{&quot;background_background&quot;:&quot;classic&quot;}\">\n\t\t<div class=\"elementor-element elementor-element-69a6c3c e-flex e-con-boxed e-con e-child\" data-id=\"69a6c3c\" data-element_type=\"container\" data-e-type=\"container\">\n\t\t\t\t\t<div class=\"e-con-inner\">\n\t\t<div class=\"elementor-element elementor-element-bcaa442 e-con-full e-flex e-con e-child\" data-id=\"bcaa442\" data-element_type=\"container\" data-e-type=\"container\">\n\t\t\t\t<div class=\"elementor-element elementor-element-0d62e1b elementor-widget elementor-widget-text-editor\" data-id=\"0d62e1b\" data-element_type=\"widget\" data-e-type=\"widget\" data-widget_type=\"text-editor.default\">\n\t\t\t\t<div class=\"elementor-widget-container\">\n\t\t\t\t\t\t\t\t\t<p>Erfahren von Experten aus der Wirtschaft, wie Du Dein Verm\u00f6gen effektiv sch\u00fctzen und gleichzeitig ausbauen kannst, ohne dabei den Genuss des Lebens zu Vernachl\u00e4ssigen. Denn am Ende z\u00e4hlt nicht nur das materielle Verm\u00f6gen, sondern auch ein unterst\u00fctzendes Netzwerk.<\/p>\t\t\t\t\t\t\t\t<\/div>\n\t\t\t\t<\/div>\n\t\t\t\t<\/div>\n\t\t\t\t\t<\/div>\n\t\t\t\t<\/div>\n\t\t\t\t<\/div>\n\t\t\t\t<\/div>\n\t\t<div class=\"elementor-element elementor-element-2be2badb e-flex e-con-boxed e-con e-parent\" data-id=\"2be2badb\" data-element_type=\"container\" data-e-type=\"container\">\n\t\t\t\t\t<div class=\"e-con-inner\">\n\t\t<div class=\"elementor-element elementor-element-f960061 e-con-full e-flex e-con e-child\" data-id=\"f960061\" data-element_type=\"container\" data-e-type=\"container\">\n\t\t\t\t<div class=\"elementor-element elementor-element-54aeb74 elementor-widget elementor-widget-heading\" data-id=\"54aeb74\" data-element_type=\"widget\" data-e-type=\"widget\" data-widget_type=\"heading.default\">\n\t\t\t\t<div class=\"elementor-widget-container\">\n\t\t\t\t\t<h2 class=\"elementor-heading-title elementor-size-default\">Aktuelle Beitr\u00e4ge<\/h2>\t\t\t\t<\/div>\n\t\t\t\t<\/div>\n\t\t\t\t<\/div>\n\t\t<div class=\"elementor-element elementor-element-55ac5c5d e-con-full e-flex e-con e-child\" data-id=\"55ac5c5d\" data-element_type=\"container\" data-e-type=\"container\">\n\t\t\t\t<div class=\"elementor-element elementor-element-4f473e16 elementor-widget elementor-widget-jkit_post_block\" data-id=\"4f473e16\" data-element_type=\"widget\" data-e-type=\"widget\" data-widget_type=\"jkit_post_block.default\">\n\t\t\t\t<div class=\"elementor-widget-container\">\n\t\t\t\t\t<div  class=\"jeg-elementor-kit jkit-postblock postblock-type-3 jkit-pagination-disable post-element jeg_module___69ff354d26629\"  data-id=\"jeg_module___69ff354d26629\" data-settings=\"{&quot;post_type&quot;:&quot;post&quot;,&quot;number_post&quot;:{&quot;unit&quot;:&quot;px&quot;,&quot;size&quot;:30,&quot;sizes&quot;:[]},&quot;post_offset&quot;:0,&quot;unique_content&quot;:&quot;disable&quot;,&quot;include_post&quot;:&quot;&quot;,&quot;exclude_post&quot;:&quot;&quot;,&quot;include_category&quot;:&quot;62&quot;,&quot;exclude_category&quot;:&quot;&quot;,&quot;include_author&quot;:&quot;&quot;,&quot;include_tag&quot;:&quot;&quot;,&quot;exclude_tag&quot;:&quot;&quot;,&quot;download_category&quot;:&quot;&quot;,&quot;download_tag&quot;:&quot;&quot;,&quot;sort_by&quot;:&quot;latest&quot;,&quot;pagination_mode&quot;:&quot;disable&quot;,&quot;pagination_loadmore_text&quot;:&quot;Load More&quot;,&quot;pagination_loading_text&quot;:&quot;Loading...&quot;,&quot;pagination_number_post&quot;:{&quot;unit&quot;:&quot;px&quot;,&quot;size&quot;:3,&quot;sizes&quot;:[]},&quot;pagination_scroll_limit&quot;:0,&quot;pagination_icon&quot;:{&quot;value&quot;:&quot;&quot;,&quot;library&quot;:&quot;&quot;},&quot;pagination_icon_position&quot;:&quot;before&quot;,&quot;st_category_position&quot;:&quot;left&quot;,&quot;sg_content_postblock_type&quot;:&quot;type-3&quot;,&quot;sg_content_element_order&quot;:&quot;title,excerpt,meta&quot;,&quot;sg_content_breakpoint&quot;:&quot;tablet&quot;,&quot;sg_content_title_html_tag&quot;:&quot;h3&quot;,&quot;sg_content_category_enable&quot;:&quot;yes&quot;,&quot;sg_content_excerpt_enable&quot;:&quot;&quot;,&quot;sg_content_excerpt_length&quot;:{&quot;unit&quot;:&quot;px&quot;,&quot;size&quot;:10,&quot;sizes&quot;:[]},&quot;sg_content_excerpt_more&quot;:&quot;...&quot;,&quot;sg_content_readmore_enable&quot;:&quot;&quot;,&quot;sg_content_readmore_icon&quot;:{&quot;value&quot;:&quot;&quot;,&quot;library&quot;:&quot;&quot;},&quot;sg_content_readmore_icon_position&quot;:&quot;after&quot;,&quot;sg_content_readmore_text&quot;:&quot;Read More&quot;,&quot;sg_content_comment_enable&quot;:&quot;&quot;,&quot;sg_content_comment_icon&quot;:{&quot;value&quot;:&quot;fas fa-comment&quot;,&quot;library&quot;:&quot;fa-solid&quot;},&quot;sg_content_comment_icon_position&quot;:&quot;before&quot;,&quot;sg_content_meta_enable&quot;:&quot;yes&quot;,&quot;sg_content_meta_author_enable&quot;:&quot;yes&quot;,&quot;sg_content_meta_author_by_text&quot;:&quot;Husl.Report&quot;,&quot;sg_content_meta_author_icon&quot;:{&quot;value&quot;:&quot;&quot;,&quot;library&quot;:&quot;&quot;},&quot;sg_content_meta_author_icon_position&quot;:&quot;before&quot;,&quot;sg_content_meta_date_enable&quot;:&quot;yes&quot;,&quot;sg_content_meta_date_type&quot;:&quot;published&quot;,&quot;sg_content_meta_date_format&quot;:&quot;default&quot;,&quot;sg_content_meta_date_format_custom&quot;:&quot;F j, Y&quot;,&quot;sg_content_meta_date_icon&quot;:{&quot;value&quot;:&quot;&quot;,&quot;library&quot;:&quot;&quot;},&quot;sg_content_meta_date_icon_position&quot;:&quot;before&quot;,&quot;sg_content_image_size_imagesize_size&quot;:&quot;full&quot;,&quot;paged&quot;:1,&quot;class&quot;:&quot;jkit_post_block&quot;}\"><div class=\"jkit-block-container\"><div class=\"jkit-posts jkit-ajax-flag\">\n            <article class=\"jkit-post post-3475 post type-post status-publish format-standard has-post-thumbnail hentry category-laufende-marktprognosen category-start\">\n                    <div class=\"jkit-thumb\"><a aria-label=\"Immobilienmarkt Deutschland 2025: Willkommen in der neuen Realit\u00e4t\" href=\"https:\/\/husl.report\/?p=3475\"><div class=\"thumbnail-container \">\n            <img loading=\"lazy\" decoding=\"async\" width=\"1076\" height=\"718\" src=\"https:\/\/husl.report\/wp-content\/uploads\/2025\/08\/Bildschirmfoto-2025-08-05-um-10.05.37.png\" class=\"attachment-full size-full wp-post-image\" alt=\"\" loading=\"lazy\" srcset=\"https:\/\/husl.report\/wp-content\/uploads\/2025\/08\/Bildschirmfoto-2025-08-05-um-10.05.37.png 1076w, https:\/\/husl.report\/wp-content\/uploads\/2025\/08\/Bildschirmfoto-2025-08-05-um-10.05.37-300x200.png 300w, https:\/\/husl.report\/wp-content\/uploads\/2025\/08\/Bildschirmfoto-2025-08-05-um-10.05.37-1024x683.png 1024w, https:\/\/husl.report\/wp-content\/uploads\/2025\/08\/Bildschirmfoto-2025-08-05-um-10.05.37-768x512.png 768w\" sizes=\"auto, (max-width: 1076px) 100vw, 1076px\" \/>\n        <\/div><\/a><div class=\"jkit-post-category position-left\"><span><a href=\"https:\/\/husl.report\/?cat=62\" class=\"category-laufende-marktprognosen\">Laufende Marktprognosen<\/a><\/span><\/div><\/div>\n                    <div class=\"jkit-postblock-content\"><h3 class=\"jkit-post-title\">\n\t\t\t\t\t\t\t<a href=\"https:\/\/husl.report\/?p=3475\">Immobilienmarkt Deutschland 2025: Willkommen in der neuen Realit\u00e4t<\/a>\n\t\t\t\t\t\t<\/h3><div class=\"jkit-post-meta\"><div class=\"jkit-meta-author icon-position-before\"><span class=\"by\">Husl.Report<\/span><a href=\"https:\/\/husl.report\/?author=1\">admin<\/a><\/div><div class=\"jkit-meta-date icon-position-before\">August 5, 2025<\/div><\/div><\/div>\n                <\/article>\n        <\/div><\/div><\/div>\t\t\t\t<\/div>\n\t\t\t\t<\/div>\n\t\t\t\t<\/div>\n\t\t\t\t\t<\/div>\n\t\t\t\t<\/div>\n\t\t\t\t<\/div>\n\t\t","protected":false},"excerpt":{"rendered":"<p>Laufende Marktprognosen Exklusiver Zugang (nur bei Pro, Select &amp; Elite sichtbar) Erfahren von Experten aus der Wirtschaft, wie Du Dein Verm\u00f6gen effektiv sch\u00fctzen und gleichzeitig ausbauen kannst, ohne dabei den Genuss des Lebens zu Vernachl\u00e4ssigen. Denn am Ende z\u00e4hlt nicht nur das materielle Verm\u00f6gen, sondern auch ein unterst\u00fctzendes Netzwerk. Aktuelle Beitr\u00e4ge edit post Laufende Marktprognosen [&hellip;]<\/p>\n","protected":false},"author":1,"featured_media":0,"parent":0,"menu_order":0,"comment_status":"closed","ping_status":"closed","template":"elementor_header_footer","meta":{"footnotes":""},"class_list":["post-2078","page","type-page","status-publish","hentry"],"_links":{"self":[{"href":"https:\/\/husl.report\/index.php?rest_route=\/wp\/v2\/pages\/2078","targetHints":{"allow":["GET"]}}],"collection":[{"href":"https:\/\/husl.report\/index.php?rest_route=\/wp\/v2\/pages"}],"about":[{"href":"https:\/\/husl.report\/index.php?rest_route=\/wp\/v2\/types\/page"}],"author":[{"embeddable":true,"href":"https:\/\/husl.report\/index.php?rest_route=\/wp\/v2\/users\/1"}],"replies":[{"embeddable":true,"href":"https:\/\/husl.report\/index.php?rest_route=%2Fwp%2Fv2%2Fcomments&post=2078"}],"version-history":[{"count":21,"href":"https:\/\/husl.report\/index.php?rest_route=\/wp\/v2\/pages\/2078\/revisions"}],"predecessor-version":[{"id":3985,"href":"https:\/\/husl.report\/index.php?rest_route=\/wp\/v2\/pages\/2078\/revisions\/3985"}],"wp:attachment":[{"href":"https:\/\/husl.report\/index.php?rest_route=%2Fwp%2Fv2%2Fmedia&parent=2078"}],"curies":[{"name":"wp","href":"https:\/\/api.w.org\/{rel}","templated":true}]}}